{"id":5272,"date":"2024-02-26T11:12:53","date_gmt":"2024-02-26T11:12:53","guid":{"rendered":"https:\/\/bextoncapital.com\/?page_id=5272"},"modified":"2024-02-28T13:56:22","modified_gmt":"2024-02-28T13:56:22","slug":"marjin-calculator","status":"publish","type":"page","link":"https:\/\/bextoncapital.com\/vi\/marjin-calculator\/","title":{"rendered":"M\u00e1y t\u00ednh Marjin"},"content":{"rendered":"<div class=\"fusion-fullwidth fullwidth-box fusion-builder-row-1 fusion-flex-container nonhundred-percent-fullwidth non-hundred-percent-height-scrolling fusion-animated\" style=\"--awb-background-position:left top;--awb-background-blend-mode:screen;--awb-border-sizes-top:0px;--awb-border-sizes-bottom:0px;--awb-border-sizes-left:0px;--awb-border-sizes-right:0px;--awb-border-color:var(--awb-color3);--awb-border-radius-top-left:0px;--awb-border-radius-top-right:0px;--awb-border-radius-bottom-right:0px;--awb-border-radius-bottom-left:0px;--awb-padding-top:100px;--awb-padding-right:0px;--awb-padding-bottom:100px;--awb-padding-left:0px;--awb-padding-top-medium:0px;--awb-padding-bottom-medium:0px;--awb-padding-top-small:0px;--awb-margin-top:-120px;--awb-margin-bottom:0px;--awb-margin-top-medium:-80px;--awb-margin-bottom-medium:80px;--awb-margin-top-small:-60px;--awb-margin-bottom-small:60px;--awb-background-color:hsla(var(--awb-color4-h),var(--awb-color4-s),var(--awb-color4-l),calc( var(--awb-color4-a) - 93% ));\" data-animationtype=\"fadeInUp\" data-animationduration=\"1.3\" data-animationoffset=\"top-into-view\" ><div class=\"fusion-builder-row fusion-row fusion-flex-align-items-stretch fusion-flex-justify-content-center\" style=\"max-width:calc( 1170px + 0px );margin-left: calc(-0px \/ 2 );margin-right: calc(-0px \/ 2 );\"><div class=\"fusion-layout-column fusion_builder_column fusion-builder-column-0 fusion_builder_column_1_1 1_1 fusion-flex-column\" style=\"--awb-bg-size:cover;--awb-width-large:100%;--awb-margin-top-large:0px;--awb-spacing-right-large:0;--awb-margin-bottom-large:20px;--awb-spacing-left-large:0;--awb-width-medium:100%;--awb-order-medium:0;--awb-spacing-right-medium:0;--awb-spacing-left-medium:0;--awb-width-small:100%;--awb-order-small:0;--awb-spacing-right-small:0;--awb-spacing-left-small:0;\"><div class=\"fusion-column-wrapper fusion-column-has-shadow fusion-flex-justify-content-flex-start fusion-content-layout-column\"><div class=\"fusion-title title fusion-title-1 fusion-title-center fusion-title-text fusion-title-size-two\" style=\"--awb-font-size:36px;\"><div class=\"title-sep-container title-sep-container-left\"><div class=\"title-sep sep- sep-solid\" style=\"border-color:var(--awb-color3);\"><\/div><\/div><span class=\"awb-title-spacer\"><\/span><h2 class=\"title-heading-center fusion-responsive-typography-calculated\" style=\"margin:0;font-size:1em;text-transform:capitalize;--fontSize:36;line-height:var(--awb-typography1-line-height);text-shadow:1px 1px 0px;\">T\u00ecm hi\u1ec3u c\u00e1ch t\u00ednh s\u1ed1 ti\u1ec1n k\u00fd qu\u1ef9 trong giao d\u1ecbch t\u00e0i ch\u00ednh: H\u01b0\u1edbng d\u1eabn v\u1ec1 giao d\u1ecbch \u0111\u00f2n b\u1ea9y v\u00e0 qu\u1ea3n l\u00fd r\u1ee7i ro<\/h2><span class=\"awb-title-spacer\"><\/span><div class=\"title-sep-container title-sep-container-right\"><div class=\"title-sep sep- sep-solid\" style=\"border-color:var(--awb-color3);\"><\/div><\/div><\/div><\/div><\/div><div class=\"fusion-layout-column fusion_builder_column fusion-builder-column-1 fusion-flex-column fusion-flex-align-self-center fusion-animated\" style=\"--awb-padding-top:1vw;--awb-padding-right:1vw;--awb-padding-bottom:1vw;--awb-padding-left:1vw;--awb-padding-top-small:0px;--awb-padding-right-small:90px;--awb-padding-bottom-small:0px;--awb-padding-left-small:90px;--awb-bg-color:var(--awb-color1);--awb-bg-color-hover:var(--awb-color1);--awb-bg-size:cover;--awb-width-large:41.57%;--awb-margin-top-large:0px;--awb-spacing-right-large:calc( 0.0048111618955978 * calc( 100% - 0 ) );--awb-margin-bottom-large:0px;--awb-spacing-left-large:0;--awb-width-medium:100%;--awb-order-medium:0;--awb-spacing-right-medium:0;--awb-spacing-left-medium:0;--awb-width-small:100%;--awb-order-small:1;--awb-spacing-right-small:0;--awb-spacing-left-small:0;\" data-animationtype=\"fadeInUp\" data-animationduration=\"1.3\" data-animationoffset=\"top-into-view\"><div class=\"fusion-column-wrapper fusion-column-has-shadow fusion-flex-justify-content-flex-start fusion-content-layout-column\"><div class=\"fusion-separator fusion-full-width-sep\" style=\"align-self: center;margin-left: auto;margin-right: auto;margin-bottom:40px;width:100%;\"><\/div><iframe class=\"lazyload\" frameborder=\"0\" scrolling=\"no\" height=\"425\" width=\"430\" allowtransparency=\"true\" marginwidth=\"0\" marginheight=\"0\" src=\"data:image\/svg+xml,%3Csvg%20xmlns%3D%27http%3A%2F%2Fwww.w3.org%2F2000%2Fsvg%27%20width%3D%27430%27%20height%3D%27425%27%20viewBox%3D%270%200%20430%20425%27%3E%3Crect%20width%3D%27430%27%20height%3D%27425%27%20fill-opacity%3D%220%22%2F%3E%3C%2Fsvg%3E\" data-orig-src=\"https:\/\/ssltools.investing.com\/margin-calculator\/index.php?force_lang=1&acc=12&pair=1\"><\/iframe><br \/><div style=\"width:450\"><a href=\"http:\/\/www.investing.com\" target=\"_blank\"><img class=\"lazyload\" decoding=\"async\" src=\"d\u1eef li\u1ec7u:image\/gif;base64,R0lGODlhAQABAAAAACH5BAEKAAEALAAAAAABAAEAAAICTAEAOw==\" data-orig-src=\"https:\/\/wmt-invdn-com.investing.com\/forexpros_en_logo.png\" alt=\"Investing.com\" title=\"\u0110\u1ea7u t\u01b0.com\" style=\"float:left\" \/><\/a><span style=\"float:right\"><span style=\"font-size: 11px;color: #333333;text-decoration: none;\">C\u00f4ng c\u1ee5 t\u00ednh k\u00fd qu\u1ef9 \u0111\u01b0\u1ee3c h\u1ed7 tr\u1ee3 b\u1edfi <a href=\"https:\/\/www.investing.com\/\" rel=\"nofollow\" target=\"_blank\" style=\"font-size: 11px;color: #06529D; font-weight: bold;\" class=\"underline_link\">\u0110\u1ea7u t\u01b0.com<\/a><\/span><\/span><\/div><\/div><\/div><div class=\"fusion-layout-column fusion_builder_column fusion-builder-column-2 fusion-flex-column\" style=\"--awb-bg-size:cover;--awb-width-large:58%;--awb-margin-top-large:0px;--awb-spacing-right-large:0;--awb-margin-bottom-large:20px;--awb-spacing-left-large:0;--awb-width-medium:100%;--awb-order-medium:0;--awb-spacing-right-medium:0;--awb-spacing-left-medium:0;--awb-width-small:100%;--awb-order-small:0;--awb-spacing-right-small:0;--awb-spacing-left-small:0;\"><div class=\"fusion-column-wrapper fusion-column-has-shadow fusion-flex-justify-content-flex-start fusion-content-layout-column\"><div class=\"fusion-text fusion-text-1 fusion-text-no-margin\" style=\"--awb-margin-top:20px;--awb-margin-right:20px;--awb-margin-bottom:20px;--awb-margin-left:20px;\"><p>T\u00ednh to\u00e1n k\u00fd qu\u1ef9 l\u00e0 m\u1ed9t trong nh\u1eefng kh\u00e1i ni\u1ec7m quan tr\u1ecdng nh\u1ea5t g\u1eb7p ph\u1ea3i khi giao d\u1ecbch tr\u00ean th\u1ecb tr\u01b0\u1eddng t\u00e0i ch\u00ednh. K\u00fd qu\u1ef9 \u0111\u1ec1 c\u1eadp \u0111\u1ebfn s\u1ed1 v\u1ed1n t\u1ed1i thi\u1ec3u m\u00e0 nh\u00e0 \u0111\u1ea7u t\u01b0 c\u1ea7n duy tr\u00ec trong t\u00e0i kho\u1ea3n c\u1ee7a m\u00ecnh \u0111\u1ec3 duy tr\u00ec c\u00e1c v\u1ecb th\u1ebf m\u1edf. \u0110i\u1ec1u n\u00e0y cho ph\u00e9p kh\u1ea3 n\u0103ng giao d\u1ecbch c\u00f3 \u0111\u00f2n b\u1ea9y tr\u00ean th\u1ecb tr\u01b0\u1eddng, \u0111\u1ed3ng th\u1eddi gi\u00fap c\u00e1c nh\u00e0 \u0111\u1ea7u t\u01b0 qu\u1ea3n l\u00fd r\u1ee7i ro m\u00e0 h\u1ecd g\u1eb7p ph\u1ea3i.<\/p>\n<p>T\u00ednh to\u00e1n k\u00fd qu\u1ef9 th\u01b0\u1eddng bao g\u1ed3m hai th\u00e0nh ph\u1ea7n ch\u00ednh: K\u00fd qu\u1ef9 ban \u0111\u1ea7u v\u00e0 K\u00fd qu\u1ef9 duy tr\u00ec. K\u00fd qu\u1ef9 ban \u0111\u1ea7u l\u00e0 s\u1ed1 v\u1ed1n ban \u0111\u1ea7u c\u1ea7n thi\u1ebft \u0111\u1ec3 m\u1edf m\u1ed9t v\u1ecb th\u1ebf. M\u1eb7t kh\u00e1c, K\u00fd qu\u1ef9 duy tr\u00ec l\u00e0 s\u1ed1 v\u1ed1n t\u1ed1i thi\u1ec3u c\u1ea7n thi\u1ebft \u0111\u1ec3 b\u1ea3o v\u1ec7 c\u00e1c v\u1ecb th\u1ebf m\u1edf tr\u01b0\u1edbc nh\u1eefng bi\u1ebfn \u0111\u1ed9ng gi\u00e1 tr\u1ecb th\u1ecb tr\u01b0\u1eddng.<\/p>\n<p>Khi t\u00ednh to\u00e1n k\u00fd qu\u1ef9, t\u1ef7 l\u1ec7 \u0111\u00f2n b\u1ea9y \u0111\u01b0\u1ee3c s\u1eed d\u1ee5ng c\u00f3 t\u1ea7m quan tr\u1ecdng r\u1ea5t l\u1edbn. T\u1ef7 l\u1ec7 \u0111\u00f2n b\u1ea9y cho bi\u1ebft h\u1ecd c\u00f3 th\u1ec3 giao d\u1ecbch l\u1edbn h\u01a1n bao nhi\u00eau l\u1ea7n so v\u1edbi v\u1ed1n c\u1ee7a nh\u00e0 \u0111\u1ea7u t\u01b0. V\u00ed d\u1ee5: v\u1edbi t\u1ef7 l\u1ec7 \u0111\u00f2n b\u1ea9y 1:100, nh\u00e0 \u0111\u1ea7u t\u01b0 c\u00f3 th\u1ec3 m\u1edf m\u1ed9t v\u1ecb th\u1ebf tr\u1ecb gi\u00e1 $100.000 ch\u1ec9 v\u1edbi $1.000 v\u1ed1n. Tuy nhi\u00ean, trong khi t\u1ef7 l\u1ec7 \u0111\u00f2n b\u1ea9y cao mang l\u1ea1i c\u01a1 h\u1ed9i l\u1ee3i nhu\u1eadn cao th\u00ec ch\u00fang c\u0169ng l\u00e0m t\u0103ng nguy c\u01a1 thua l\u1ed7.<\/p>\n<p>N\u1ebfu m\u1ee9c k\u00fd qu\u1ef9 gi\u1ea3m xu\u1ed1ng m\u1ee9c th\u1ea5p do thay \u0111\u1ed5i gi\u00e1 tr\u1ecb th\u1ecb tr\u01b0\u1eddng, nh\u00e0 \u0111\u1ea7u t\u01b0 c\u00f3 th\u1ec3 \u0111\u01b0\u1ee3c y\u00eau c\u1ea7u k\u00fd qu\u1ef9 b\u1ed5 sung. T\u00ecnh hu\u1ed1ng n\u00e0y \u0111\u01b0\u1ee3c g\u1ecdi l\u00e0 \u201cG\u1ecdi k\u00fd qu\u1ef9\u201d v\u00e0 cho bi\u1ebft r\u1eb1ng nh\u00e0 \u0111\u1ea7u t\u01b0 c\u1ea7n g\u1eedi th\u00eam v\u1ed1n \u0111\u1ec3 duy tr\u00ec v\u1ecb th\u1ebf c\u1ee7a m\u00ecnh. N\u1ebfu nh\u00e0 \u0111\u1ea7u t\u01b0 kh\u00f4ng g\u1eedi s\u1ed1 ti\u1ec1n k\u00fd qu\u1ef9 c\u1ea7n thi\u1ebft, v\u1ecb th\u1ebf c\u1ee7a h\u1ecd c\u00f3 th\u1ec3 t\u1ef1 \u0111\u1ed9ng b\u1ecb \u0111\u00f3ng.<\/p>\n<p>T\u00ednh to\u00e1n k\u00fd qu\u1ef9 l\u00e0 m\u1ed9t ph\u1ea7n c\u01a1 b\u1ea3n c\u1ee7a giao d\u1ecbch tr\u00ean th\u1ecb tr\u01b0\u1eddng t\u00e0i ch\u00ednh v\u00e0 \u0111\u00f3ng vai tr\u00f2 quan tr\u1ecdng trong chi\u1ebfn l\u01b0\u1ee3c qu\u1ea3n l\u00fd r\u1ee7i ro c\u1ee7a nh\u00e0 \u0111\u1ea7u t\u01b0. B\u1eb1ng c\u00e1ch \u0111\u00e1nh gi\u00e1 c\u1ea9n th\u1eadn c\u00e1c y\u00eau c\u1ea7u k\u00fd qu\u1ef9 v\u00e0 t\u1ef7 l\u1ec7 \u0111\u00f2n b\u1ea9y, nh\u00e0 \u0111\u1ea7u t\u01b0 c\u00f3 th\u1ec3 ph\u00e1t tri\u1ec3n chi\u1ebfn l\u01b0\u1ee3c \u0111\u1ea7u t\u01b0 b\u1ea3o v\u1ec7 tr\u01b0\u1edbc nh\u1eefng bi\u1ebfn \u0111\u1ed9ng c\u1ee7a th\u1ecb tr\u01b0\u1eddng. \u0110i\u1ec1u n\u00e0y r\u1ea5t quan tr\u1ecdng \u0111\u1ec3 t\u1ed1i \u0111a h\u00f3a l\u1ee3i nhu\u1eadn ti\u1ec1m n\u0103ng v\u00e0 gi\u1ea3m thi\u1ec3u t\u1ed5n th\u1ea5t ti\u1ec1m n\u0103ng.<\/p>\n<\/div><\/div><\/div><\/div><\/div>","protected":false},"excerpt":{"rendered":"","protected":false},"author":1,"featured_media":4157,"parent":0,"menu_order":0,"comment_status":"closed","ping_status":"closed","template":"100-width.php","meta":{"footnotes":""},"class_list":["post-5272","page","type-page","status-publish","has-post-thumbnail","hentry"],"_links":{"self":[{"href":"https:\/\/bextoncapital.com\/vi\/wp-json\/wp\/v2\/pages\/5272","targetHints":{"allow":["GET"]}}],"collection":[{"href":"https:\/\/bextoncapital.com\/vi\/wp-json\/wp\/v2\/pages"}],"about":[{"href":"https:\/\/bextoncapital.com\/vi\/wp-json\/wp\/v2\/types\/page"}],"author":[{"embeddable":true,"href":"https:\/\/bextoncapital.com\/vi\/wp-json\/wp\/v2\/users\/1"}],"replies":[{"embeddable":true,"href":"https:\/\/bextoncapital.com\/vi\/wp-json\/wp\/v2\/comments?post=5272"}],"version-history":[{"count":3,"href":"https:\/\/bextoncapital.com\/vi\/wp-json\/wp\/v2\/pages\/5272\/revisions"}],"predecessor-version":[{"id":5289,"href":"https:\/\/bextoncapital.com\/vi\/wp-json\/wp\/v2\/pages\/5272\/revisions\/5289"}],"wp:featuredmedia":[{"embeddable":true,"href":"https:\/\/bextoncapital.com\/vi\/wp-json\/wp\/v2\/media\/4157"}],"wp:attachment":[{"href":"https:\/\/bextoncapital.com\/vi\/wp-json\/wp\/v2\/media?parent=5272"}],"curies":[{"name":"wp","href":"https:\/\/api.w.org\/{rel}","templated":true}]}}