{"id":5240,"date":"2023-06-09T12:22:07","date_gmt":"2023-06-09T11:22:07","guid":{"rendered":"https:\/\/bextoncapital.com\/?page_id=5240"},"modified":"2024-02-28T14:04:10","modified_gmt":"2024-02-28T14:04:10","slug":"economic-calander","status":"publish","type":"page","link":"https:\/\/bextoncapital.com\/vi\/economic-calander\/","title":{"rendered":"Calander kinh t\u1ebf"},"content":{"rendered":"<div class=\"fusion-fullwidth fullwidth-box fusion-builder-row-1 fusion-flex-container has-pattern-background has-mask-background nonhundred-percent-fullwidth non-hundred-percent-height-scrolling\" style=\"--awb-border-radius-top-left:0px;--awb-border-radius-top-right:0px;--awb-border-radius-bottom-right:0px;--awb-border-radius-bottom-left:0px;--awb-padding-right:0px;\" ><div class=\"fusion-builder-row fusion-row fusion-flex-align-items-flex-start\" style=\"max-width:1216.8px;margin-left: calc(-4% \/ 2 );margin-right: calc(-4% \/ 2 );\"><div class=\"fusion-layout-column fusion_builder_column fusion-builder-column-0 fusion_builder_column_1_1 1_1 fusion-flex-column\" style=\"--awb-bg-size:cover;--awb-width-large:100%;--awb-margin-top-large:0px;--awb-spacing-right-large:1.92%;--awb-margin-bottom-large:20px;--awb-spacing-left-large:1.92%;--awb-width-medium:100%;--awb-order-medium:0;--awb-spacing-right-medium:1.92%;--awb-spacing-left-medium:1.92%;--awb-width-small:100%;--awb-order-small:0;--awb-spacing-right-small:1.92%;--awb-spacing-left-small:1.92%;\"><div class=\"fusion-column-wrapper fusion-column-has-shadow fusion-flex-justify-content-flex-start fusion-content-layout-column\"><div class=\"fusion-text fusion-text-1\"><p>L\u1ecbch kinh t\u1ebf l\u00e0 m\u1ed9t c\u00f4ng c\u1ee5 quan tr\u1ecdng d\u00e0nh cho c\u00e1c nh\u00e0 \u0111\u1ea7u t\u01b0 v\u00e0 nh\u00e0 giao d\u1ecbch trong th\u1ebf gi\u1edbi t\u00e0i ch\u00ednh, cung c\u1ea5p l\u1ecbch tr\u00ecnh c\u00f3 c\u1ea5u tr\u00fac v\u1ec1 c\u00e1c s\u1ef1 ki\u1ec7n v\u00e0 ch\u1ec9 s\u1ed1 kinh t\u1ebf quan tr\u1ecdng, \u0111\u00f3ng vai tr\u00f2 quan tr\u1ecdng trong vi\u1ec7c \u0111\u1ecbnh h\u00ecnh xu h\u01b0\u1edbng th\u1ecb tr\u01b0\u1eddng v\u00e0 chi\u1ebfn l\u01b0\u1ee3c \u0111\u1ea7u t\u01b0. N\u00f3 bao g\u1ed3m nhi\u1ec1u lo\u1ea1i th\u00f4ng tin, bao g\u1ed3m c\u00e1c quy\u1ebft \u0111\u1ecbnh c\u1ee7a ng\u00e2n h\u00e0ng trung \u01b0\u01a1ng, s\u1ed1 li\u1ec7u th\u1ed1ng k\u00ea kinh t\u1ebf v\u00e0 b\u00e1o c\u00e1o c\u1ee7a ch\u00ednh ph\u1ee7 t\u1eeb kh\u1eafp n\u01a1i tr\u00ean th\u1ebf gi\u1edbi, cung c\u1ea5p c\u00e1i nh\u00ecn s\u00e2u s\u1eafc v\u1ec1 s\u1ee9c kh\u1ecfe kinh t\u1ebf, thay \u0111\u1ed5i ch\u00ednh s\u00e1ch v\u00e0 bi\u1ebfn \u0111\u1ed9ng th\u1ecb tr\u01b0\u1eddng ti\u1ec1m n\u0103ng. B\u1eb1ng c\u00e1ch theo d\u00f5i nh\u1eefng s\u1ef1 ki\u1ec7n n\u00e0y, nh\u1eefng ng\u01b0\u1eddi tham gia th\u1ecb tr\u01b0\u1eddng c\u00f3 th\u1ec3 \u0111\u01b0a ra nh\u1eefng quy\u1ebft \u0111\u1ecbnh s\u00e1ng su\u1ed1t h\u01a1n, d\u1ef1 \u0111o\u00e1n s\u1ef1 bi\u1ebfn \u0111\u1ed9ng c\u1ee7a th\u1ecb tr\u01b0\u1eddng v\u00e0 l\u1eadp chi\u1ebfn l\u01b0\u1ee3c giao d\u1ecbch c\u1ee7a h\u1ecd hi\u1ec7u qu\u1ea3 h\u01a1n. Cho d\u00f9 \u0111\u1ec3 d\u1ef1 b\u00e1o bi\u1ebfn \u0111\u1ed9ng ti\u1ec1n t\u1ec7 tr\u00ean th\u1ecb tr\u01b0\u1eddng ngo\u1ea1i h\u1ed1i, d\u1ef1 \u0111o\u00e1n bi\u1ebfn \u0111\u1ed9ng c\u1ee7a th\u1ecb tr\u01b0\u1eddng ch\u1ee9ng kho\u00e1n hay \u0111\u00e1nh gi\u00e1 xu h\u01b0\u1edbng h\u00e0ng h\u00f3a, l\u1ecbch kinh t\u1ebf \u0111\u00f3ng vai tr\u00f2 l\u00e0 h\u01b0\u1edbng d\u1eabn to\u00e0n di\u1ec7n \u0111\u1ec3 \u0111i\u1ec1u h\u01b0\u1edbng b\u1ed1i c\u1ea3nh ph\u1ee9c t\u1ea1p v\u00e0 n\u0103ng \u0111\u1ed9ng c\u1ee7a th\u1ecb tr\u01b0\u1eddng t\u00e0i ch\u00ednh.<\/p>\n<\/div><div id=\"economicCalendarWidget\"><\/div>\n<script async type=\"text\/javascript\" data-type=\"calendar-widget\" src=\"https:\/\/www.tradays.com\/c\/js\/widgets\/calendar\/widget.js?v=12\">\n  {\"width\":\"100%\",\"height\":\"600px\",\"mode\":\"2\"}\n<\/script><\/div><\/div><\/div><\/div>","protected":false},"excerpt":{"rendered":"","protected":false},"author":1,"featured_media":5290,"parent":0,"menu_order":0,"comment_status":"closed","ping_status":"closed","template":"","meta":{"footnotes":""},"class_list":["post-5240","page","type-page","status-publish","has-post-thumbnail","hentry"],"_links":{"self":[{"href":"https:\/\/bextoncapital.com\/vi\/wp-json\/wp\/v2\/pages\/5240","targetHints":{"allow":["GET"]}}],"collection":[{"href":"https:\/\/bextoncapital.com\/vi\/wp-json\/wp\/v2\/pages"}],"about":[{"href":"https:\/\/bextoncapital.com\/vi\/wp-json\/wp\/v2\/types\/page"}],"author":[{"embeddable":true,"href":"https:\/\/bextoncapital.com\/vi\/wp-json\/wp\/v2\/users\/1"}],"replies":[{"embeddable":true,"href":"https:\/\/bextoncapital.com\/vi\/wp-json\/wp\/v2\/comments?post=5240"}],"version-history":[{"count":9,"href":"https:\/\/bextoncapital.com\/vi\/wp-json\/wp\/v2\/pages\/5240\/revisions"}],"predecessor-version":[{"id":5291,"href":"https:\/\/bextoncapital.com\/vi\/wp-json\/wp\/v2\/pages\/5240\/revisions\/5291"}],"wp:featuredmedia":[{"embeddable":true,"href":"https:\/\/bextoncapital.com\/vi\/wp-json\/wp\/v2\/media\/5290"}],"wp:attachment":[{"href":"https:\/\/bextoncapital.com\/vi\/wp-json\/wp\/v2\/media?parent=5240"}],"curies":[{"name":"wp","href":"https:\/\/api.w.org\/{rel}","templated":true}]}}