{"id":4106,"date":"2021-11-16T16:14:47","date_gmt":"2021-11-16T16:14:47","guid":{"rendered":"https:\/\/bextoncapital.com\/?page_id=4106"},"modified":"2023-06-09T11:00:24","modified_gmt":"2023-06-09T10:00:24","slug":"corporate-faq","status":"publish","type":"page","link":"https:\/\/bextoncapital.com\/vi\/corporate-faq\/","title":{"rendered":"C\u00e2u h\u1ecfi th\u01b0\u1eddng g\u1eb7p"},"content":{"rendered":"<div class=\"fusion-fullwidth fullwidth-box fusion-builder-row-1 fusion-flex-container nonhundred-percent-fullwidth non-hundred-percent-height-scrolling fusion-animated\" style=\"--awb-border-sizes-top:0px;--awb-border-sizes-bottom:0px;--awb-border-sizes-left:0px;--awb-border-sizes-right:0px;--awb-border-radius-top-left:0px;--awb-border-radius-top-right:0px;--awb-border-radius-bottom-right:0px;--awb-border-radius-bottom-left:0px;--awb-margin-bottom:120px;--awb-margin-bottom-medium:80px;--awb-margin-bottom-small:60px;\" data-animationtype=\"fadeInUp\" data-animationduration=\"1.3\" data-animationoffset=\"top-into-view\" ><div class=\"fusion-builder-row fusion-row fusion-flex-align-items-center\" style=\"max-width:1216.8px;margin-left: calc(-4% \/ 2 );margin-right: calc(-4% \/ 2 );\"><div class=\"fusion-layout-column fusion_builder_column fusion-builder-column-0 fusion_builder_column_1_1 1_1 fusion-flex-column\" style=\"--awb-bg-size:cover;--awb-width-large:100%;--awb-margin-top-large:0px;--awb-spacing-right-large:1.92%;--awb-margin-bottom-large:0px;--awb-spacing-left-large:1.92%;--awb-width-medium:100%;--awb-order-medium:0;--awb-spacing-right-medium:1.92%;--awb-spacing-left-medium:1.92%;--awb-width-small:100%;--awb-order-small:0;--awb-spacing-right-small:1.92%;--awb-spacing-left-small:1.92%;\"><div class=\"fusion-column-wrapper fusion-column-has-shadow fusion-flex-justify-content-flex-start fusion-content-layout-column\"><style type=\"text\/css\">#accordian-1 .fusion-panel:hover,#accordian-1 .fusion-panel.hover{ background-color: #f9f9f9 } #accordian-1 .fusion-panel { border-color:var(--awb-color4); border-width:0px; background-color:hsla(var(--awb-color4-h),var(--awb-color4-s),var(--awb-color4-l),calc( var(--awb-color4-a) - 90% )); }.fusion-accordian #accordian-1 .panel-title a .fa-fusion-box:before{ font-size: 13px;width: 13px;}.fusion-accordian #accordian-1 .panel-title a .fa-fusion-box{ color: var(--awb-color1);}.fusion-accordian #accordian-1.fusion-toggle-icon-right .fusion-toggle-heading{ margin-right: 31px;}.fusion-accordian  #accordian-1 .panel-title a{font-size:20px;font-family:var(--awb-typography1-font-family);font-weight:var(--awb-typography1-font-weight);font-style:var(--awb-typography1-font-style);}.fusion-accordian  #accordian-1 .panel-title a:not(:hover){}.fusion-accordian  #accordian-1 .toggle-content{font-family:var(--awb-typography4-font-family);font-weight:var(--awb-typography4-font-weight);font-style:var(--awb-typography4-font-style);}.fusion-accordian #accordian-1 .fa-fusion-box { background-color: var(--awb-color4);border-color: var(--awb-color4);}.fusion-accordian #accordian-1 .panel-title a:hover,.fusion-accordian #accordian-1 .panel-title a.hover { color: hsla(var(--awb-color8-h),var(--awb-color8-s),calc( var(--awb-color8-l) + 38% ),var(--awb-color8-a));}.fusion-faq-shortcode .fusion-accordian #accordian-1 .fusion-toggle-boxed-mode:hover .panel-title a { color: hsla(var(--awb-color8-h),var(--awb-color8-s),calc( var(--awb-color8-l) + 38% ),var(--awb-color8-a));}.fusion-accordian #accordian-1 .panel-title .active .fa-fusion-box,.fusion-accordian #accordian-1 .panel-title a:hover .fa-fusion-box,.fusion-accordian #accordian-1 .panel-title a.hover .fa-fusion-box { background-color: hsla(var(--awb-color8-h),var(--awb-color8-s),calc( var(--awb-color8-l) + 38% ),var(--awb-color8-a))!important;border-color: hsla(var(--awb-color8-h),var(--awb-color8-s),calc( var(--awb-color8-l) + 38% ),var(--awb-color8-a))!important;}<\/style><div class=\"fusion-faq-shortcode\" style=\"\"><div class=\"fusion-faqs-wrapper\"><div class=\"accordian fusion-accordian\"><div class=\"panel-group  fusion-toggle-icon-right\" id=\"accordian-1\"><div class=\"fusion-panel fusion-toggle-no-divider fusion-toggle-boxed-mode panel-default fusion-faq-post fusion-faq-post-5229\"><span class=\"entry-title rich-snippet-hidden\">L\u00e0m c\u00e1ch n\u00e0o \u0111\u1ec3 m\u1edf t\u00e0i kho\u1ea3n giao d\u1ecbch?<\/span><span class=\"vcard rich-snippet-hidden\"><span class=\"fn\"><a href=\"https:\/\/bextoncapital.com\/vi\/author\/admin\/\" title=\"\u0110\u0103ng b\u1edfi admin\" rel=\"author\">qu\u1ea3n tr\u1ecb vi\u00ean<\/a><\/span><\/span><span class=\"updated rich-snippet-hidden\">2023-06-09T10:59:53+01:00<\/span><div class=\"panel-heading\"><h4 id=\"faq_1-5229\" class=\"panel-title toggle\"><a data-toggle=\"collapse\" class=\"collapsed\" data-parent=\"#accordian-1\" data-target=\"#collapse-1-5229\" href=\"#collapse-1-5229\" aria-expanded=\"false\"><div class=\"fusion-toggle-icon-wrapper\"><div class=\"fusion-toggle-icon-wrapper-main\"><div class=\"fusion-toggle-icon-wrapper-sub\"><i class=\"fa-fusion-box active-icon awb-icon-minus\" aria-hidden=\"true\"><\/i><i class=\"fa-fusion-box inactive-icon awb-icon-plus\" aria-hidden=\"true\"><\/i><\/div><\/div><\/div><div class=\"fusion-toggle-heading\">L\u00e0m c\u00e1ch n\u00e0o \u0111\u1ec3 m\u1edf t\u00e0i kho\u1ea3n giao d\u1ecbch?<\/div><\/a><\/h4><\/div><div id=\"collapse-1-5229\" aria-labelledby=\"faq_1-5229\" class=\"panel-collapse collapse\"><div class=\"panel-body toggle-content post-content\"><p>T\u00e0i kho\u1ea3n giao d\u1ecbch \u0111\u1ea7u ti\u00ean c\u1ee7a b\u1ea1n s\u1ebd \u0111\u01b0\u1ee3c m\u1edf t\u1ef1 \u0111\u1ed9ng khi b\u1ea1n g\u1eedi bi\u1ec3u m\u1eabu t\u1eeb Trang Li\u00ean h\u1ec7 c\u1ee7a ch\u00fang t\u00f4i.<\/p>\n<\/div><\/div><\/div><div class=\"fusion-panel fusion-toggle-no-divider fusion-toggle-boxed-mode panel-default fusion-faq-post fusion-faq-post-5227\"><span class=\"entry-title rich-snippet-hidden\">Kho\u1ea3n ti\u1ec1n g\u1eedi t\u1ed1i thi\u1ec3u l\u00e0 bao nhi\u00eau?<\/span><span class=\"vcard rich-snippet-hidden\"><span class=\"fn\"><a href=\"https:\/\/bextoncapital.com\/vi\/author\/admin\/\" title=\"\u0110\u0103ng b\u1edfi admin\" rel=\"author\">qu\u1ea3n tr\u1ecb vi\u00ean<\/a><\/span><\/span><span class=\"updated rich-snippet-hidden\">2023-06-09T10:57:53+01:00<\/span><div class=\"panel-heading\"><h4 id=\"faq_1-5227\" class=\"panel-title toggle\"><a data-toggle=\"collapse\" class=\"collapsed\" data-parent=\"#accordian-1\" data-target=\"#collapse-1-5227\" href=\"#collapse-1-5227\" aria-expanded=\"false\"><div class=\"fusion-toggle-icon-wrapper\"><div class=\"fusion-toggle-icon-wrapper-main\"><div class=\"fusion-toggle-icon-wrapper-sub\"><i class=\"fa-fusion-box active-icon awb-icon-minus\" aria-hidden=\"true\"><\/i><i class=\"fa-fusion-box inactive-icon awb-icon-plus\" aria-hidden=\"true\"><\/i><\/div><\/div><\/div><div class=\"fusion-toggle-heading\">Kho\u1ea3n ti\u1ec1n g\u1eedi t\u1ed1i thi\u1ec3u l\u00e0 bao nhi\u00eau?<\/div><\/a><\/h4><\/div><div id=\"collapse-1-5227\" aria-labelledby=\"faq_1-5227\" class=\"panel-collapse collapse\"><div class=\"panel-body toggle-content post-content\"><p>Kho\u1ea3n ti\u1ec1n g\u1eedi t\u1ed1i thi\u1ec3u t\u00f9y thu\u1ed9c v\u00e0o lo\u1ea1i t\u00e0i kho\u1ea3n, nh\u01b0ng nh\u00ecn chung l\u00e0 $100.<\/p>\n<\/div><\/div><\/div><div class=\"fusion-panel fusion-toggle-no-divider fusion-toggle-boxed-mode panel-default fusion-faq-post fusion-faq-post-5225 faq\"><span class=\"entry-title rich-snippet-hidden\">C\u00f3 th\u1ec3 thay \u0111\u1ed5i lo\u1ea1i ti\u1ec1n c\u01a1 b\u1ea3n ho\u1eb7c lo\u1ea1i t\u00e0i kho\u1ea3n c\u1ee7a t\u00f4i kh\u00f4ng?<\/span><span class=\"vcard rich-snippet-hidden\"><span class=\"fn\"><a href=\"https:\/\/bextoncapital.com\/vi\/author\/admin\/\" title=\"\u0110\u0103ng b\u1edfi admin\" rel=\"author\">qu\u1ea3n tr\u1ecb vi\u00ean<\/a><\/span><\/span><span class=\"updated rich-snippet-hidden\">2023-06-09T10:57:16+01:00<\/span><div class=\"panel-heading\"><h4 id=\"faq_1-5225\" class=\"panel-title toggle\"><a data-toggle=\"collapse\" class=\"collapsed\" data-parent=\"#accordian-1\" data-target=\"#collapse-1-5225\" href=\"#collapse-1-5225\" aria-expanded=\"false\"><div class=\"fusion-toggle-icon-wrapper\"><div class=\"fusion-toggle-icon-wrapper-main\"><div class=\"fusion-toggle-icon-wrapper-sub\"><i class=\"fa-fusion-box active-icon awb-icon-minus\" aria-hidden=\"true\"><\/i><i class=\"fa-fusion-box inactive-icon awb-icon-plus\" aria-hidden=\"true\"><\/i><\/div><\/div><\/div><div class=\"fusion-toggle-heading\">C\u00f3 th\u1ec3 thay \u0111\u1ed5i lo\u1ea1i ti\u1ec1n c\u01a1 b\u1ea3n ho\u1eb7c lo\u1ea1i t\u00e0i kho\u1ea3n c\u1ee7a t\u00f4i kh\u00f4ng?<\/div><\/a><\/h4><\/div><div id=\"collapse-1-5225\" aria-labelledby=\"faq_1-5225\" class=\"panel-collapse collapse\"><div class=\"panel-body toggle-content post-content\"><p>Kh\u00f4ng, kh\u00f4ng ph\u1ea3i v\u1eady. \u0110\u1ec3 thay \u0111\u1ed5i lo\u1ea1i ho\u1eb7c lo\u1ea1i ti\u1ec1n c\u01a1 b\u1ea3n c\u1ee7a t\u00e0i kho\u1ea3n, b\u1ea1n ph\u1ea3i m\u1edf m\u1ed9t t\u00e0i kho\u1ea3n m\u1edbi v\u1edbi c\u00e1c th\u00f4ng s\u1ed1 b\u1eaft bu\u1ed9c.<\/p>\n<\/div><\/div><\/div><div class=\"fusion-panel fusion-toggle-no-divider fusion-toggle-boxed-mode panel-default fusion-faq-post fusion-faq-post-5223\"><span class=\"entry-title rich-snippet-hidden\">K\u00fd qu\u1ef9 \u0111\u01b0\u1ee3c t\u00ednh nh\u01b0 th\u1ebf n\u00e0o?<\/span><span class=\"vcard rich-snippet-hidden\"><span class=\"fn\"><a href=\"https:\/\/bextoncapital.com\/vi\/author\/admin\/\" title=\"\u0110\u0103ng b\u1edfi admin\" rel=\"author\">qu\u1ea3n tr\u1ecb vi\u00ean<\/a><\/span><\/span><span class=\"updated rich-snippet-hidden\">2023-06-09T10:56:51+01:00<\/span><div class=\"panel-heading\"><h4 id=\"faq_1-5223\" class=\"panel-title toggle\"><a data-toggle=\"collapse\" class=\"collapsed\" data-parent=\"#accordian-1\" data-target=\"#collapse-1-5223\" href=\"#collapse-1-5223\" aria-expanded=\"false\"><div class=\"fusion-toggle-icon-wrapper\"><div class=\"fusion-toggle-icon-wrapper-main\"><div class=\"fusion-toggle-icon-wrapper-sub\"><i class=\"fa-fusion-box active-icon awb-icon-minus\" aria-hidden=\"true\"><\/i><i class=\"fa-fusion-box inactive-icon awb-icon-plus\" aria-hidden=\"true\"><\/i><\/div><\/div><\/div><div class=\"fusion-toggle-heading\">K\u00fd qu\u1ef9 \u0111\u01b0\u1ee3c t\u00ednh nh\u01b0 th\u1ebf n\u00e0o?<\/div><\/a><\/h4><\/div><div id=\"collapse-1-5223\" aria-labelledby=\"faq_1-5223\" class=\"panel-collapse collapse\"><div class=\"panel-body toggle-content post-content\"><p><strong>V\u00ed d\u1ee5:<\/strong><\/p>\n<p>B\u1ea1n mua 1 l\u00f4 EURUSD.<br \/>\n\u0110\u1ed3ng ti\u1ec1n t\u00e0i kho\u1ea3n: EUR.<br \/>\n\u0110\u00f2n b\u1ea9y: 1:100.<\/p>\n<p>= 100.000 \/ 100 = 1.000 EUR<\/p>\n<p>N\u1ebfu lo\u1ea1i ti\u1ec1n t\u1ec7 t\u00e0i kho\u1ea3n c\u1ee7a b\u1ea1n kh\u00e1c v\u1edbi lo\u1ea1i ti\u1ec1n t\u1ec7 c\u01a1 b\u1ea3n c\u1ee7a c\u00f4ng c\u1ee5, b\u1ea1n ph\u1ea3i chuy\u1ec3n \u0111\u1ed5i s\u1ed1 ti\u1ec1n k\u00fd qu\u1ef9 th\u00e0nh lo\u1ea1i ti\u1ec1n t\u1ec7 t\u00e0i kho\u1ea3n theo t\u1ef7 gi\u00e1 khi v\u1ecb th\u1ebf c\u1ee7a b\u1ea1n \u0111\u01b0\u1ee3c m\u1edf.<\/p>\n<p><strong>V\u00ed d\u1ee5:<\/strong><\/p>\n<p>B\u1ea1n mua 1 l\u00f4 EURUSD.<br \/>\n\u0110\u1ed3ng ti\u1ec1n t\u00e0i kho\u1ea3n: USD.<br \/>\nK\u00fd qu\u1ef9 b\u1eb1ng lo\u1ea1i ti\u1ec1n c\u01a1 b\u1ea3n c\u1ee7a t\u00e0i s\u1ea3n: 1.000 EUR.<br \/>\nT\u1ef7 gi\u00e1 EURUSD hi\u1ec7n t\u1ea1i: 1,2345.<\/p>\n<p>= 1.000 * 1,2345 = 1.234,50 USD<\/p>\n<\/div><\/div><\/div><div class=\"fusion-panel fusion-toggle-no-divider fusion-toggle-boxed-mode panel-default fusion-faq-post fusion-faq-post-5221 faq\"><span class=\"entry-title rich-snippet-hidden\">T\u1ea1i sao t\u00f4i c\u1ea7n m\u1ed9t t\u00e0i kho\u1ea3n demo?<\/span><span class=\"vcard rich-snippet-hidden\"><span class=\"fn\"><a href=\"https:\/\/bextoncapital.com\/vi\/author\/admin\/\" title=\"\u0110\u0103ng b\u1edfi admin\" rel=\"author\">qu\u1ea3n tr\u1ecb vi\u00ean<\/a><\/span><\/span><span class=\"updated rich-snippet-hidden\">2023-06-09T10:56:09+01:00<\/span><div class=\"panel-heading\"><h4 id=\"faq_1-5221\" class=\"panel-title toggle\"><a data-toggle=\"collapse\" class=\"collapsed\" data-parent=\"#accordian-1\" data-target=\"#collapse-1-5221\" href=\"#collapse-1-5221\" aria-expanded=\"false\"><div class=\"fusion-toggle-icon-wrapper\"><div class=\"fusion-toggle-icon-wrapper-main\"><div class=\"fusion-toggle-icon-wrapper-sub\"><i class=\"fa-fusion-box active-icon awb-icon-minus\" aria-hidden=\"true\"><\/i><i class=\"fa-fusion-box inactive-icon awb-icon-plus\" aria-hidden=\"true\"><\/i><\/div><\/div><\/div><div class=\"fusion-toggle-heading\">T\u1ea1i sao t\u00f4i c\u1ea7n m\u1ed9t t\u00e0i kho\u1ea3n demo?<\/div><\/a><\/h4><\/div><div id=\"collapse-1-5221\" aria-labelledby=\"faq_1-5221\" class=\"panel-collapse collapse\"><div class=\"panel-body toggle-content post-content\"><p>T\u00e0i kho\u1ea3n demo th\u01b0\u1eddng \u0111\u01b0\u1ee3c s\u1eed d\u1ee5ng trong ba tr\u01b0\u1eddng h\u1ee3p:<\/p>\n<ol>\n<li>N\u1ebfu b\u1ea1n l\u00e0 ng\u01b0\u1eddi m\u1edbi b\u1eaft \u0111\u1ea7u v\u00e0 mu\u1ed1n t\u00ecm hi\u1ec3u nh\u1eefng \u0111i\u1ec1u c\u01a1 b\u1ea3n v\u1ec1 giao d\u1ecbch tr\u00ean th\u1ecb tr\u01b0\u1eddng t\u00e0i ch\u00ednh m\u00e0 kh\u00f4ng c\u00f3 nguy c\u01a1 m\u1ea5t ti\u1ec1n c\u1ee7a ch\u00ednh m\u00ecnh.<\/li>\n<li>Khi b\u1ea1n mu\u1ed1n ki\u1ec3m tra c\u00e1c \u0111i\u1ec1u ki\u1ec7n do c\u00f4ng ty m\u00f4i gi\u1edbi cung c\u1ea5p tr\u01b0\u1edbc khi m\u1edf t\u00e0i kho\u1ea3n th\u1eadt.<\/li>\n<li>Trong tr\u01b0\u1eddng h\u1ee3p th\u1eed nghi\u1ec7m chi\u1ebfn l\u01b0\u1ee3c giao d\u1ecbch m\u1edbi c\u1ee7a b\u1ea1n.<\/li>\n<\/ol>\n<\/div><\/div><\/div><div class=\"fusion-panel fusion-toggle-no-divider fusion-toggle-boxed-mode panel-default fusion-faq-post fusion-faq-post-5219 faq\"><span class=\"entry-title rich-snippet-hidden\">T\u1ea1i sao th\u00f4ng b\u00e1o \u201cKh\u00f4ng \u0111\u1ee7 ti\u1ec1n\u201d l\u1ea1i xu\u1ea5t hi\u1ec7n khi t\u00f4i c\u1ed1 g\u1eafng m\u1edf m\u1ed9t v\u1ecb th\u1ebf?<\/span><span class=\"vcard rich-snippet-hidden\"><span class=\"fn\"><a href=\"https:\/\/bextoncapital.com\/vi\/author\/admin\/\" title=\"\u0110\u0103ng b\u1edfi admin\" rel=\"author\">qu\u1ea3n tr\u1ecb vi\u00ean<\/a><\/span><\/span><span class=\"updated rich-snippet-hidden\">2023-06-09T10:55:27+01:00<\/span><div class=\"panel-heading\"><h4 id=\"faq_1-5219\" class=\"panel-title toggle\"><a data-toggle=\"collapse\" class=\"collapsed\" data-parent=\"#accordian-1\" data-target=\"#collapse-1-5219\" href=\"#collapse-1-5219\" aria-expanded=\"false\"><div class=\"fusion-toggle-icon-wrapper\"><div class=\"fusion-toggle-icon-wrapper-main\"><div class=\"fusion-toggle-icon-wrapper-sub\"><i class=\"fa-fusion-box active-icon awb-icon-minus\" aria-hidden=\"true\"><\/i><i class=\"fa-fusion-box inactive-icon awb-icon-plus\" aria-hidden=\"true\"><\/i><\/div><\/div><\/div><div class=\"fusion-toggle-heading\">T\u1ea1i sao th\u00f4ng b\u00e1o \u201cKh\u00f4ng \u0111\u1ee7 ti\u1ec1n\u201d l\u1ea1i xu\u1ea5t hi\u1ec7n khi t\u00f4i c\u1ed1 g\u1eafng m\u1edf m\u1ed9t v\u1ecb th\u1ebf?<\/div><\/a><\/h4><\/div><div id=\"collapse-1-5219\" aria-labelledby=\"faq_1-5219\" class=\"panel-collapse collapse\"><div class=\"panel-body toggle-content post-content\"><p>\u201cKh\u00f4ng \u0111\u1ee7 ti\u1ec1n\u201d c\u00f3 ngh\u0129a l\u00e0 t\u00e0i kho\u1ea3n c\u1ee7a b\u1ea1n kh\u00f4ng c\u00f3 \u0111\u1ee7 ti\u1ec1n k\u00fd qu\u1ef9 \u0111\u1ec3 m\u1edf m\u1ed9t v\u1ecb th\u1ebf v\u1edbi kh\u1ed1i l\u01b0\u1ee3ng mong mu\u1ed1n.<\/p>\n<\/div><\/div><\/div><\/div><\/div><\/div><\/div><\/div><\/div><\/div><\/div>","protected":false},"excerpt":{"rendered":"","protected":false},"author":1,"featured_media":4108,"parent":0,"menu_order":0,"comment_status":"closed","ping_status":"closed","template":"100-width.php","meta":{"footnotes":""},"class_list":["post-4106","page","type-page","status-publish","has-post-thumbnail","hentry"],"_links":{"self":[{"href":"https:\/\/bextoncapital.com\/vi\/wp-json\/wp\/v2\/pages\/4106","targetHints":{"allow":["GET"]}}],"collection":[{"href":"https:\/\/bextoncapital.com\/vi\/wp-json\/wp\/v2\/pages"}],"about":[{"href":"https:\/\/bextoncapital.com\/vi\/wp-json\/wp\/v2\/types\/page"}],"author":[{"embeddable":true,"href":"https:\/\/bextoncapital.com\/vi\/wp-json\/wp\/v2\/users\/1"}],"replies":[{"embeddable":true,"href":"https:\/\/bextoncapital.com\/vi\/wp-json\/wp\/v2\/comments?post=4106"}],"version-history":[{"count":2,"href":"https:\/\/bextoncapital.com\/vi\/wp-json\/wp\/v2\/pages\/4106\/revisions"}],"predecessor-version":[{"id":5231,"href":"https:\/\/bextoncapital.com\/vi\/wp-json\/wp\/v2\/pages\/4106\/revisions\/5231"}],"wp:featuredmedia":[{"embeddable":true,"href":"https:\/\/bextoncapital.com\/vi\/wp-json\/wp\/v2\/media\/4108"}],"wp:attachment":[{"href":"https:\/\/bextoncapital.com\/vi\/wp-json\/wp\/v2\/media?parent=4106"}],"curies":[{"name":"wp","href":"https:\/\/api.w.org\/{rel}","templated":true}]}}