{"id":5276,"date":"2024-02-26T11:13:30","date_gmt":"2024-02-26T11:13:30","guid":{"rendered":"https:\/\/bextoncapital.com\/?page_id=5276"},"modified":"2024-02-28T13:48:44","modified_gmt":"2024-02-28T13:48:44","slug":"license","status":"publish","type":"page","link":"https:\/\/bextoncapital.com\/tr\/license\/","title":{"rendered":"Lisans"},"content":{"rendered":"<p><div class=\"fusion-fullwidth fullwidth-box fusion-builder-row-1 fusion-flex-container has-pattern-background has-mask-background nonhundred-percent-fullwidth non-hundred-percent-height-scrolling\" style=\"--awb-border-radius-top-left:0px;--awb-border-radius-top-right:0px;--awb-border-radius-bottom-right:0px;--awb-border-radius-bottom-left:0px;\" ><div class=\"fusion-builder-row fusion-row fusion-flex-align-items-flex-start\" style=\"max-width:1216.8px;margin-left: calc(-4% \/ 2 );margin-right: calc(-4% \/ 2 );\"><div class=\"fusion-layout-column fusion_builder_column fusion-builder-column-0 fusion_builder_column_1_2 1_2 fusion-flex-column fusion-flex-align-self-center\" style=\"--awb-bg-size:cover;--awb-width-large:50%;--awb-margin-top-large:0px;--awb-spacing-right-large:3.84%;--awb-margin-bottom-large:0px;--awb-spacing-left-large:3.84%;--awb-width-medium:100%;--awb-order-medium:0;--awb-spacing-right-medium:1.92%;--awb-spacing-left-medium:1.92%;--awb-width-small:100%;--awb-order-small:0;--awb-spacing-right-small:1.92%;--awb-spacing-left-small:1.92%;\"><div class=\"fusion-column-wrapper fusion-column-has-shadow fusion-flex-justify-content-center fusion-content-layout-row\"><div class=\"fusion-image-element\" style=\"--awb-caption-title-font-family:var(--h2_typography-font-family);--awb-caption-title-font-weight:var(--h2_typography-font-weight);--awb-caption-title-font-style:var(--h2_typography-font-style);--awb-caption-title-size:var(--h2_typography-font-size);--awb-caption-title-transform:var(--h2_typography-text-transform);--awb-caption-title-line-height:var(--h2_typography-line-height);--awb-caption-title-letter-spacing:var(--h2_typography-letter-spacing);\"><span class=\"fusion-imageframe imageframe-none imageframe-1 hover-type-none\"><a class=\"fusion-no-lightbox\" href=\"https:\/\/bextoncapital.com\/wp-content\/uploads\/2024\/02\/bexton-capital-license.pdf\" target=\"_self\" aria-label=\"Lisans d\u00fczenlemesi\"><img decoding=\"async\" width=\"212\" height=\"300\" src=\"https:\/\/bextoncapital.com\/wp-content\/uploads\/2024\/02\/Licence-regulation.jpg\" data-orig-src=\"https:\/\/bextoncapital.com\/wp-content\/uploads\/2024\/02\/Licence-regulation-212x300.jpg\" alt class=\"lazyload img-responsive wp-image-5281\" srcset=\"data:image\/svg+xml,%3Csvg%20xmlns%3D%27http%3A%2F%2Fwww.w3.org%2F2000%2Fsvg%27%20width%3D%27905%27%20height%3D%271281%27%20viewBox%3D%270%200%20905%201281%27%3E%3Crect%20width%3D%27905%27%20height%3D%271281%27%20fill-opacity%3D%220%22%2F%3E%3C%2Fsvg%3E\" data-srcset=\"https:\/\/bextoncapital.com\/wp-content\/uploads\/2024\/02\/Licence-regulation-200x283.jpg 200w, https:\/\/bextoncapital.com\/wp-content\/uploads\/2024\/02\/Licence-regulation-400x566.jpg 400w, https:\/\/bextoncapital.com\/wp-content\/uploads\/2024\/02\/Licence-regulation-600x849.jpg 600w, https:\/\/bextoncapital.com\/wp-content\/uploads\/2024\/02\/Licence-regulation-800x1132.jpg 800w, https:\/\/bextoncapital.com\/wp-content\/uploads\/2024\/02\/Licence-regulation.jpg 905w\" data-sizes=\"auto\" data-orig-sizes=\"(max-width: 1024px) 100vw, (max-width: 640px) 100vw, 600px\" \/><\/a><\/span><\/div><\/div><\/div><div class=\"fusion-layout-column fusion_builder_column fusion-builder-column-1 fusion_builder_column_1_2 1_2 fusion-flex-column\" style=\"--awb-bg-size:cover;--awb-width-large:50%;--awb-margin-top-large:0px;--awb-spacing-right-large:3.84%;--awb-margin-bottom-large:20px;--awb-spacing-left-large:3.84%;--awb-width-medium:100%;--awb-order-medium:0;--awb-spacing-right-medium:1.92%;--awb-spacing-left-medium:1.92%;--awb-width-small:100%;--awb-order-small:0;--awb-spacing-right-small:1.92%;--awb-spacing-left-small:1.92%;\"><div class=\"fusion-column-wrapper fusion-column-has-shadow fusion-flex-justify-content-flex-start fusion-content-layout-column\"><div class=\"fusion-title title fusion-title-1 fusion-title-center fusion-title-text fusion-title-size-two\" style=\"--awb-font-size:36px;\"><div class=\"title-sep-container title-sep-container-left\"><div class=\"title-sep sep- sep-solid\" style=\"border-color:var(--awb-color3);\"><\/div><\/div><span class=\"awb-title-spacer\"><\/span><h2 class=\"title-heading-center fusion-responsive-typography-calculated\" style=\"margin:0;font-size:1em;text-transform:capitalize;--fontSize:36;line-height:var(--awb-typography1-line-height);\"><strong>Lisanslar, D\u00fczenlemeler ve Profesyonel \u00dcyelikler<\/strong><\/h2><span class=\"awb-title-spacer\"><\/span><div class=\"title-sep-container title-sep-container-right\"><div class=\"title-sep sep- sep-solid\" style=\"border-color:var(--awb-color3);\"><\/div><\/div><\/div><div class=\"fusion-text fusion-text-1\"><p>\u015eeffafl\u0131\u011f\u0131n g\u00fc\u00e7l\u00fc bir savunucusu olarak m\u00fc\u015fterilerimizin fonlar\u0131 i\u00e7in en y\u00fcksek g\u00fcvenlik standartlar\u0131n\u0131 belirliyoruz. Bu ama\u00e7la m\u00fc\u015fteri fonlar\u0131 b\u00fcy\u00fck uluslararas\u0131 bankalarda saklanmakta ve \u015firketin kendi fonlar\u0131ndan tamamen ayr\u0131lmaktad\u0131r.<\/p>\n<\/div><div style=\"text-align:center;\"><a class=\"fusion-button button-flat fusion-button-default-size button-default fusion-button-default button-1 fusion-button-default-span fusion-button-default-type\" target=\"_self\" href=\"https:\/\/bextoncapital.com\/wp-content\/uploads\/2024\/02\/bexton-capital-license.pdf\"><span class=\"fusion-button-text\">T\u0131klay\u0131n ve Lisans\u0131m\u0131z\u0131 G\u00f6r\u00fcn<\/span><\/a><\/div><\/div><\/div><\/div><\/div><div class=\"fusion-fullwidth fullwidth-box fusion-builder-row-2 fusion-flex-container has-pattern-background has-mask-background nonhundred-percent-fullwidth non-hundred-percent-height-scrolling\" style=\"--awb-border-radius-top-left:0px;--awb-border-radius-top-right:0px;--awb-border-radius-bottom-right:0px;--awb-border-radius-bottom-left:0px;--awb-padding-top:42px;--awb-margin-top:119px;\" ><div class=\"fusion-builder-row fusion-row fusion-flex-align-items-flex-start\" style=\"max-width:1216.8px;margin-left: calc(-4% \/ 2 );margin-right: calc(-4% \/ 2 );\"><div class=\"fusion-layout-column fusion_builder_column fusion-builder-column-2 fusion_builder_column_1_1 1_1 fusion-flex-column\" style=\"--awb-bg-size:cover;--awb-width-large:100%;--awb-margin-top-large:0px;--awb-spacing-right-large:1.92%;--awb-margin-bottom-large:20px;--awb-spacing-left-large:1.92%;--awb-width-medium:100%;--awb-order-medium:0;--awb-spacing-right-medium:1.92%;--awb-spacing-left-medium:1.92%;--awb-width-small:100%;--awb-order-small:0;--awb-spacing-right-small:1.92%;--awb-spacing-left-small:1.92%;\"><div class=\"fusion-column-wrapper fusion-column-has-shadow fusion-flex-justify-content-flex-start fusion-content-layout-column\"><div class=\"fusion-title title fusion-title-2 fusion-title-center fusion-title-text fusion-title-size-two\" style=\"--awb-font-size:30px;\"><div class=\"title-sep-container title-sep-container-left\"><div class=\"title-sep sep- sep-solid\" style=\"border-color:var(--awb-color3);\"><\/div><\/div><span class=\"awb-title-spacer\"><\/span><h2 class=\"title-heading-center fusion-responsive-typography-calculated\" style=\"margin:0;font-size:1em;text-transform:capitalize;--fontSize:30;line-height:var(--awb-typography1-line-height);text-shadow:1px 1px 0px;\"><strong>Bexton Capital \u00e7evrimi\u00e7i ticaret platformlar\u0131 g\u00fcvenilirlikleri, g\u00fcvenlikleri ve h\u0131zlar\u0131 nedeniyle se\u00e7ilmi\u015ftir.<\/strong><\/h2><span class=\"awb-title-spacer\"><\/span><div class=\"title-sep-container title-sep-container-right\"><div class=\"title-sep sep- sep-solid\" style=\"border-color:var(--awb-color3);\"><\/div><\/div><\/div><div class=\"fusion-text fusion-text-2\"><p>Sekt\u00f6r\u00fcn \u00f6nde gelen ticaret platformlar\u0131 olarak de\u011ferlendirdi\u011fimiz platformlar\u0131 m\u00fc\u015fteri odakl\u0131 i\u015f yakla\u015f\u0131m\u0131m\u0131zla b\u00fct\u00fcnle\u015ftirerek, yat\u0131r\u0131mc\u0131lar\u0131m\u0131za adalet ve \u015feffafl\u0131k \u00e7er\u00e7evesinde h\u0131zl\u0131 uygulama ve profesyonel ticaret ko\u015fullar\u0131ndan yararlanma \u015fans\u0131 sunuyoruz.<\/p>\n<\/div><div style=\"text-align:center;\"><a class=\"fusion-button button-flat fusion-button-default-size button-default fusion-button-default button-2 fusion-button-default-span fusion-button-default-type\" target=\"_self\" href=\"https:\/\/shortlink.run\/Bextoncapital-signup\"><span class=\"fusion-button-text\">\u015eimdi Ticarete Ba\u015flay\u0131n<\/span><\/a><\/div><\/div><\/div><\/div><\/div><\/p>","protected":false},"excerpt":{"rendered":"","protected":false},"author":1,"featured_media":4157,"parent":0,"menu_order":0,"comment_status":"closed","ping_status":"closed","template":"100-width.php","meta":{"footnotes":""},"class_list":["post-5276","page","type-page","status-publish","has-post-thumbnail","hentry"],"_links":{"self":[{"href":"https:\/\/bextoncapital.com\/tr\/wp-json\/wp\/v2\/pages\/5276","targetHints":{"allow":["GET"]}}],"collection":[{"href":"https:\/\/bextoncapital.com\/tr\/wp-json\/wp\/v2\/pages"}],"about":[{"href":"https:\/\/bextoncapital.com\/tr\/wp-json\/wp\/v2\/types\/page"}],"author":[{"embeddable":true,"href":"https:\/\/bextoncapital.com\/tr\/wp-json\/wp\/v2\/users\/1"}],"replies":[{"embeddable":true,"href":"https:\/\/bextoncapital.com\/tr\/wp-json\/wp\/v2\/comments?post=5276"}],"version-history":[{"count":4,"href":"https:\/\/bextoncapital.com\/tr\/wp-json\/wp\/v2\/pages\/5276\/revisions"}],"predecessor-version":[{"id":5285,"href":"https:\/\/bextoncapital.com\/tr\/wp-json\/wp\/v2\/pages\/5276\/revisions\/5285"}],"wp:featuredmedia":[{"embeddable":true,"href":"https:\/\/bextoncapital.com\/tr\/wp-json\/wp\/v2\/media\/4157"}],"wp:attachment":[{"href":"https:\/\/bextoncapital.com\/tr\/wp-json\/wp\/v2\/media?parent=5276"}],"curies":[{"name":"wp","href":"https:\/\/api.w.org\/{rel}","templated":true}]}}