{"id":5272,"date":"2024-02-26T11:12:53","date_gmt":"2024-02-26T11:12:53","guid":{"rendered":"https:\/\/bextoncapital.com\/?page_id=5272"},"modified":"2024-02-28T13:56:22","modified_gmt":"2024-02-28T13:56:22","slug":"marjin-calculator","status":"publish","type":"page","link":"https:\/\/bextoncapital.com\/tr\/marjin-calculator\/","title":{"rendered":"Marjin Hesaplay\u0131c\u0131"},"content":{"rendered":"<div class=\"fusion-fullwidth fullwidth-box fusion-builder-row-1 fusion-flex-container nonhundred-percent-fullwidth non-hundred-percent-height-scrolling fusion-animated\" style=\"--awb-background-position:left top;--awb-background-blend-mode:screen;--awb-border-sizes-top:0px;--awb-border-sizes-bottom:0px;--awb-border-sizes-left:0px;--awb-border-sizes-right:0px;--awb-border-color:var(--awb-color3);--awb-border-radius-top-left:0px;--awb-border-radius-top-right:0px;--awb-border-radius-bottom-right:0px;--awb-border-radius-bottom-left:0px;--awb-padding-top:100px;--awb-padding-right:0px;--awb-padding-bottom:100px;--awb-padding-left:0px;--awb-padding-top-medium:0px;--awb-padding-bottom-medium:0px;--awb-padding-top-small:0px;--awb-margin-top:-120px;--awb-margin-bottom:0px;--awb-margin-top-medium:-80px;--awb-margin-bottom-medium:80px;--awb-margin-top-small:-60px;--awb-margin-bottom-small:60px;--awb-background-color:hsla(var(--awb-color4-h),var(--awb-color4-s),var(--awb-color4-l),calc( var(--awb-color4-a) - 93% ));\" data-animationtype=\"fadeInUp\" data-animationduration=\"1.3\" data-animationoffset=\"top-into-view\" ><div class=\"fusion-builder-row fusion-row fusion-flex-align-items-stretch fusion-flex-justify-content-center\" style=\"max-width:calc( 1170px + 0px );margin-left: calc(-0px \/ 2 );margin-right: calc(-0px \/ 2 );\"><div class=\"fusion-layout-column fusion_builder_column fusion-builder-column-0 fusion_builder_column_1_1 1_1 fusion-flex-column\" style=\"--awb-bg-size:cover;--awb-width-large:100%;--awb-margin-top-large:0px;--awb-spacing-right-large:0;--awb-margin-bottom-large:20px;--awb-spacing-left-large:0;--awb-width-medium:100%;--awb-order-medium:0;--awb-spacing-right-medium:0;--awb-spacing-left-medium:0;--awb-width-small:100%;--awb-order-small:0;--awb-spacing-right-small:0;--awb-spacing-left-small:0;\"><div class=\"fusion-column-wrapper fusion-column-has-shadow fusion-flex-justify-content-flex-start fusion-content-layout-column\"><div class=\"fusion-title title fusion-title-1 fusion-title-center fusion-title-text fusion-title-size-two\" style=\"--awb-font-size:36px;\"><div class=\"title-sep-container title-sep-container-left\"><div class=\"title-sep sep- sep-solid\" style=\"border-color:var(--awb-color3);\"><\/div><\/div><span class=\"awb-title-spacer\"><\/span><h2 class=\"title-heading-center fusion-responsive-typography-calculated\" style=\"margin:0;font-size:1em;text-transform:capitalize;--fontSize:36;line-height:var(--awb-typography1-line-height);text-shadow:1px 1px 0px;\">Finansal Ticarette Marj Hesaplamalar\u0131n\u0131 Anlamak: Kald\u0131ra\u00e7l\u0131 Ticaret ve Risk Y\u00f6netimi K\u0131lavuzu<\/h2><span class=\"awb-title-spacer\"><\/span><div class=\"title-sep-container title-sep-container-right\"><div class=\"title-sep sep- sep-solid\" style=\"border-color:var(--awb-color3);\"><\/div><\/div><\/div><\/div><\/div><div class=\"fusion-layout-column fusion_builder_column fusion-builder-column-1 fusion-flex-column fusion-flex-align-self-center fusion-animated\" style=\"--awb-padding-top:1vw;--awb-padding-right:1vw;--awb-padding-bottom:1vw;--awb-padding-left:1vw;--awb-padding-top-small:0px;--awb-padding-right-small:90px;--awb-padding-bottom-small:0px;--awb-padding-left-small:90px;--awb-bg-color:var(--awb-color1);--awb-bg-color-hover:var(--awb-color1);--awb-bg-size:cover;--awb-width-large:41.57%;--awb-margin-top-large:0px;--awb-spacing-right-large:calc( 0.0048111618955978 * calc( 100% - 0 ) );--awb-margin-bottom-large:0px;--awb-spacing-left-large:0;--awb-width-medium:100%;--awb-order-medium:0;--awb-spacing-right-medium:0;--awb-spacing-left-medium:0;--awb-width-small:100%;--awb-order-small:1;--awb-spacing-right-small:0;--awb-spacing-left-small:0;\" data-animationtype=\"fadeInUp\" data-animationduration=\"1.3\" data-animationoffset=\"top-into-view\"><div class=\"fusion-column-wrapper fusion-column-has-shadow fusion-flex-justify-content-flex-start fusion-content-layout-column\"><div class=\"fusion-separator fusion-full-width-sep\" style=\"align-self: center;margin-left: auto;margin-right: auto;margin-bottom:40px;width:100%;\"><\/div><iframe class=\"lazyload\" frameborder=\"0\" scrolling=\"no\" height=\"425\" width=\"430\" allowtransparency=\"true\" marginwidth=\"0\" marginheight=\"0\" src=\"data:image\/svg+xml,%3Csvg%20xmlns%3D%27http%3A%2F%2Fwww.w3.org%2F2000%2Fsvg%27%20width%3D%27430%27%20height%3D%27425%27%20viewBox%3D%270%200%20430%20425%27%3E%3Crect%20width%3D%27430%27%20height%3D%27425%27%20fill-opacity%3D%220%22%2F%3E%3C%2Fsvg%3E\" data-orig-src=\"https:\/\/ssltools.investing.com\/margin-calculator\/index.php?force_lang=1&acc=12&pair=1\"><\/iframe><br \/><div style=\"width:450\"><a href=\"http:\/\/www.investing.com\" target=\"_blank\"><img class=\"lazyload\" decoding=\"async\" src=\"data:image\/gif;base64,R0lGODlhAQABAAAAACH5BAEKAAEALAAAAAABAAEAAAICTAEAOw==\" data-orig-src=\"https:\/\/wmt-invdn-com.investing.com\/forexpros_en_logo.png\" alt=\"Investing.com\" title=\"Investing.com\" style=\"float:left\" \/><\/a><span style=\"float:right\"><span style=\"font-size: 11px;color: #333333;text-decoration: none;\">Marj Hesaplay\u0131c\u0131s\u0131 taraf\u0131ndan desteklenmektedir <a href=\"https:\/\/www.investing.com\/\" rel=\"nofollow\" target=\"_blank\" style=\"font-size: 11px;color: #06529D; font-weight: bold;\" class=\"underline_link\">Investing.com<\/a><\/span><\/span><\/div><\/div><\/div><div class=\"fusion-layout-column fusion_builder_column fusion-builder-column-2 fusion-flex-column\" style=\"--awb-bg-size:cover;--awb-width-large:58%;--awb-margin-top-large:0px;--awb-spacing-right-large:0;--awb-margin-bottom-large:20px;--awb-spacing-left-large:0;--awb-width-medium:100%;--awb-order-medium:0;--awb-spacing-right-medium:0;--awb-spacing-left-medium:0;--awb-width-small:100%;--awb-order-small:0;--awb-spacing-right-small:0;--awb-spacing-left-small:0;\"><div class=\"fusion-column-wrapper fusion-column-has-shadow fusion-flex-justify-content-flex-start fusion-content-layout-column\"><div class=\"fusion-text fusion-text-1 fusion-text-no-margin\" style=\"--awb-margin-top:20px;--awb-margin-right:20px;--awb-margin-bottom:20px;--awb-margin-left:20px;\"><p>Marj hesaplamas\u0131 finansal piyasalarda i\u015flem yaparken kar\u015f\u0131la\u015f\u0131lan en \u00f6nemli kavramlardan biridir. Marj, bir yat\u0131r\u0131mc\u0131n\u0131n a\u00e7\u0131k pozisyon tutabilmesi i\u00e7in hesab\u0131nda tutmas\u0131 gereken minimum sermaye miktar\u0131n\u0131 ifade eder. Bu durum piyasalarda kald\u0131ra\u00e7l\u0131 i\u015flem yap\u0131lmas\u0131na olanak sa\u011flarken ayn\u0131 zamanda yat\u0131r\u0131mc\u0131lar\u0131n maruz kald\u0131klar\u0131 riskleri y\u00f6netmelerine de yard\u0131mc\u0131 oluyor.<\/p>\n<p>Marj hesaplamas\u0131 tipik olarak iki ana bile\u015fenden olu\u015fur: Ba\u015flang\u0131\u00e7 Marj\u0131 ve S\u00fcrd\u00fcrme Marj\u0131. Ba\u015flang\u0131\u00e7 Marj\u0131, bir pozisyon a\u00e7mak i\u00e7in gereken ba\u015flang\u0131\u00e7 sermayesidir. S\u00fcrd\u00fcrme Marj\u0131 ise a\u00e7\u0131k pozisyonlar\u0131 piyasa de\u011ferindeki dalgalanmalara kar\u015f\u0131 korumak i\u00e7in gereken minimum sermaye miktar\u0131d\u0131r.<\/p>\n<p>Marj hesaplan\u0131rken kullan\u0131lan kald\u0131ra\u00e7 oran\u0131 b\u00fcy\u00fck \u00f6nem ta\u015f\u0131maktad\u0131r. Kald\u0131ra\u00e7 oran\u0131 yat\u0131r\u0131mc\u0131n\u0131n sermayesinin ka\u00e7 kat\u0131 kadar i\u015flem yapabilece\u011fini g\u00f6sterir. \u00d6rne\u011fin 1:100 kald\u0131ra\u00e7 oran\u0131yla yat\u0131r\u0131mc\u0131 sadece $1.000 sermaye ile $100.000 de\u011ferinde pozisyon a\u00e7abilir. Ancak y\u00fcksek kald\u0131ra\u00e7 oranlar\u0131 y\u00fcksek k\u00e2r f\u0131rsatlar\u0131 sunarken ayn\u0131 zamanda zarar riskini de art\u0131r\u0131yor.<\/p>\n<p>Piyasa de\u011ferindeki de\u011fi\u015fiklikler nedeniyle teminat seviyesinin d\u00fc\u015f\u00fck bir seviyeye d\u00fc\u015fmesi durumunda yat\u0131r\u0131mc\u0131dan ilave teminat yat\u0131rmas\u0131 istenebilir. Bu durum \u201cTeminat \u00c7a\u011fr\u0131s\u0131\u201d olarak bilinir ve yat\u0131r\u0131mc\u0131n\u0131n pozisyonlar\u0131n\u0131 korumak i\u00e7in ek sermaye yat\u0131rmas\u0131 gerekti\u011fini g\u00f6sterir. Yat\u0131r\u0131mc\u0131n\u0131n gerekli teminat\u0131 yat\u0131rmamas\u0131 durumunda pozisyonlar\u0131 otomatik olarak kapat\u0131labilir.<\/p>\n<p>Marj hesaplamas\u0131 finansal piyasalarda al\u0131m sat\u0131m\u0131n temel bir par\u00e7as\u0131d\u0131r ve yat\u0131r\u0131mc\u0131lar\u0131n risk y\u00f6netimi stratejilerinde \u00f6nemli bir rol oynar. Yat\u0131r\u0131mc\u0131lar, marj gereksinimleri ve kald\u0131ra\u00e7 oranlar\u0131n\u0131 dikkatle de\u011ferlendirerek piyasa dalgalanmalar\u0131na kar\u015f\u0131 koruyucu bir yat\u0131r\u0131m stratejisi geli\u015ftirebilirler. Bu, hem potansiyel kar\u0131 maksimuma \u00e7\u0131karmak hem de potansiyel kay\u0131plar\u0131 en aza indirmek a\u00e7\u0131s\u0131ndan kritik \u00f6neme sahiptir.<\/p>\n<\/div><\/div><\/div><\/div><\/div>","protected":false},"excerpt":{"rendered":"","protected":false},"author":1,"featured_media":4157,"parent":0,"menu_order":0,"comment_status":"closed","ping_status":"closed","template":"100-width.php","meta":{"footnotes":""},"class_list":["post-5272","page","type-page","status-publish","has-post-thumbnail","hentry"],"_links":{"self":[{"href":"https:\/\/bextoncapital.com\/tr\/wp-json\/wp\/v2\/pages\/5272","targetHints":{"allow":["GET"]}}],"collection":[{"href":"https:\/\/bextoncapital.com\/tr\/wp-json\/wp\/v2\/pages"}],"about":[{"href":"https:\/\/bextoncapital.com\/tr\/wp-json\/wp\/v2\/types\/page"}],"author":[{"embeddable":true,"href":"https:\/\/bextoncapital.com\/tr\/wp-json\/wp\/v2\/users\/1"}],"replies":[{"embeddable":true,"href":"https:\/\/bextoncapital.com\/tr\/wp-json\/wp\/v2\/comments?post=5272"}],"version-history":[{"count":3,"href":"https:\/\/bextoncapital.com\/tr\/wp-json\/wp\/v2\/pages\/5272\/revisions"}],"predecessor-version":[{"id":5289,"href":"https:\/\/bextoncapital.com\/tr\/wp-json\/wp\/v2\/pages\/5272\/revisions\/5289"}],"wp:featuredmedia":[{"embeddable":true,"href":"https:\/\/bextoncapital.com\/tr\/wp-json\/wp\/v2\/media\/4157"}],"wp:attachment":[{"href":"https:\/\/bextoncapital.com\/tr\/wp-json\/wp\/v2\/media?parent=5272"}],"curies":[{"name":"wp","href":"https:\/\/api.w.org\/{rel}","templated":true}]}}