{"id":4106,"date":"2021-11-16T16:14:47","date_gmt":"2021-11-16T16:14:47","guid":{"rendered":"https:\/\/bextoncapital.com\/?page_id=4106"},"modified":"2023-06-09T11:00:24","modified_gmt":"2023-06-09T10:00:24","slug":"corporate-faq","status":"publish","type":"page","link":"https:\/\/bextoncapital.com\/tr\/corporate-faq\/","title":{"rendered":"SSS"},"content":{"rendered":"<div class=\"fusion-fullwidth fullwidth-box fusion-builder-row-1 fusion-flex-container nonhundred-percent-fullwidth non-hundred-percent-height-scrolling fusion-animated\" style=\"--awb-border-sizes-top:0px;--awb-border-sizes-bottom:0px;--awb-border-sizes-left:0px;--awb-border-sizes-right:0px;--awb-border-radius-top-left:0px;--awb-border-radius-top-right:0px;--awb-border-radius-bottom-right:0px;--awb-border-radius-bottom-left:0px;--awb-margin-bottom:120px;--awb-margin-bottom-medium:80px;--awb-margin-bottom-small:60px;\" data-animationtype=\"fadeInUp\" data-animationduration=\"1.3\" data-animationoffset=\"top-into-view\" ><div class=\"fusion-builder-row fusion-row fusion-flex-align-items-center\" style=\"max-width:1216.8px;margin-left: calc(-4% \/ 2 );margin-right: calc(-4% \/ 2 );\"><div class=\"fusion-layout-column fusion_builder_column fusion-builder-column-0 fusion_builder_column_1_1 1_1 fusion-flex-column\" style=\"--awb-bg-size:cover;--awb-width-large:100%;--awb-margin-top-large:0px;--awb-spacing-right-large:1.92%;--awb-margin-bottom-large:0px;--awb-spacing-left-large:1.92%;--awb-width-medium:100%;--awb-order-medium:0;--awb-spacing-right-medium:1.92%;--awb-spacing-left-medium:1.92%;--awb-width-small:100%;--awb-order-small:0;--awb-spacing-right-small:1.92%;--awb-spacing-left-small:1.92%;\"><div class=\"fusion-column-wrapper fusion-column-has-shadow fusion-flex-justify-content-flex-start fusion-content-layout-column\"><style type=\"text\/css\">#accordian-1 .fusion-panel:hover,#accordian-1 .fusion-panel.hover{ background-color: #f9f9f9 } #accordian-1 .fusion-panel { border-color:var(--awb-color4); border-width:0px; background-color:hsla(var(--awb-color4-h),var(--awb-color4-s),var(--awb-color4-l),calc( var(--awb-color4-a) - 90% )); }.fusion-accordian #accordian-1 .panel-title a .fa-fusion-box:before{ font-size: 13px;width: 13px;}.fusion-accordian #accordian-1 .panel-title a .fa-fusion-box{ color: var(--awb-color1);}.fusion-accordian #accordian-1.fusion-toggle-icon-right .fusion-toggle-heading{ margin-right: 31px;}.fusion-accordian  #accordian-1 .panel-title a{font-size:20px;font-family:var(--awb-typography1-font-family);font-weight:var(--awb-typography1-font-weight);font-style:var(--awb-typography1-font-style);}.fusion-accordian  #accordian-1 .panel-title a:not(:hover){}.fusion-accordian  #accordian-1 .toggle-content{font-family:var(--awb-typography4-font-family);font-weight:var(--awb-typography4-font-weight);font-style:var(--awb-typography4-font-style);}.fusion-accordian #accordian-1 .fa-fusion-box { background-color: var(--awb-color4);border-color: var(--awb-color4);}.fusion-accordian #accordian-1 .panel-title a:hover,.fusion-accordian #accordian-1 .panel-title a.hover { color: hsla(var(--awb-color8-h),var(--awb-color8-s),calc( var(--awb-color8-l) + 38% ),var(--awb-color8-a));}.fusion-faq-shortcode .fusion-accordian #accordian-1 .fusion-toggle-boxed-mode:hover .panel-title a { color: hsla(var(--awb-color8-h),var(--awb-color8-s),calc( var(--awb-color8-l) + 38% ),var(--awb-color8-a));}.fusion-accordian #accordian-1 .panel-title .active .fa-fusion-box,.fusion-accordian #accordian-1 .panel-title a:hover .fa-fusion-box,.fusion-accordian #accordian-1 .panel-title a.hover .fa-fusion-box { background-color: hsla(var(--awb-color8-h),var(--awb-color8-s),calc( var(--awb-color8-l) + 38% ),var(--awb-color8-a))!important;border-color: hsla(var(--awb-color8-h),var(--awb-color8-s),calc( var(--awb-color8-l) + 38% ),var(--awb-color8-a))!important;}<\/style><div class=\"fusion-faq-shortcode\" style=\"\"><div class=\"fusion-faqs-wrapper\"><div class=\"accordian fusion-accordian\"><div class=\"panel-group  fusion-toggle-icon-right\" id=\"accordian-1\"><div class=\"fusion-panel fusion-toggle-no-divider fusion-toggle-boxed-mode panel-default fusion-faq-post fusion-faq-post-5229\"><span class=\"entry-title rich-snippet-hidden\">Bir ticaret hesab\u0131n\u0131 nas\u0131l a\u00e7ar\u0131m?<\/span><span class=\"vcard rich-snippet-hidden\"><span class=\"fn\"><a href=\"https:\/\/bextoncapital.com\/tr\/author\/admin\/\" title=\"admin taraf\u0131ndan yaz\u0131lan yaz\u0131lar\" rel=\"author\">y\u00f6netici<\/a><\/span><\/span><span class=\"updated rich-snippet-hidden\">2023-06-09T10:59:53+01:00<\/span><div class=\"panel-heading\"><h4 id=\"faq_1-5229\" class=\"panel-title toggle\"><a data-toggle=\"collapse\" class=\"collapsed\" data-parent=\"#accordian-1\" data-target=\"#collapse-1-5229\" href=\"#collapse-1-5229\" aria-expanded=\"false\"><div class=\"fusion-toggle-icon-wrapper\"><div class=\"fusion-toggle-icon-wrapper-main\"><div class=\"fusion-toggle-icon-wrapper-sub\"><i class=\"fa-fusion-box active-icon awb-icon-minus\" aria-hidden=\"true\"><\/i><i class=\"fa-fusion-box inactive-icon awb-icon-plus\" aria-hidden=\"true\"><\/i><\/div><\/div><\/div><div class=\"fusion-toggle-heading\">Bir ticaret hesab\u0131n\u0131 nas\u0131l a\u00e7ar\u0131m?<\/div><\/a><\/h4><\/div><div id=\"collapse-1-5229\" aria-labelledby=\"faq_1-5229\" class=\"panel-collapse collapse\"><div class=\"panel-body toggle-content post-content\"><p>\u0130leti\u015fim Sayfam\u0131zdan form g\u00f6nderdi\u011finizde ilk i\u015flem hesab\u0131n\u0131z otomatik olarak a\u00e7\u0131lacakt\u0131r.<\/p>\n<\/div><\/div><\/div><div class=\"fusion-panel fusion-toggle-no-divider fusion-toggle-boxed-mode panel-default fusion-faq-post fusion-faq-post-5227\"><span class=\"entry-title rich-snippet-hidden\">Minimum depozito nedir?<\/span><span class=\"vcard rich-snippet-hidden\"><span class=\"fn\"><a href=\"https:\/\/bextoncapital.com\/tr\/author\/admin\/\" title=\"admin taraf\u0131ndan yaz\u0131lan yaz\u0131lar\" rel=\"author\">y\u00f6netici<\/a><\/span><\/span><span class=\"updated rich-snippet-hidden\">2023-06-09T10:57:53+01:00<\/span><div class=\"panel-heading\"><h4 id=\"faq_1-5227\" class=\"panel-title toggle\"><a data-toggle=\"collapse\" class=\"collapsed\" data-parent=\"#accordian-1\" data-target=\"#collapse-1-5227\" href=\"#collapse-1-5227\" aria-expanded=\"false\"><div class=\"fusion-toggle-icon-wrapper\"><div class=\"fusion-toggle-icon-wrapper-main\"><div class=\"fusion-toggle-icon-wrapper-sub\"><i class=\"fa-fusion-box active-icon awb-icon-minus\" aria-hidden=\"true\"><\/i><i class=\"fa-fusion-box inactive-icon awb-icon-plus\" aria-hidden=\"true\"><\/i><\/div><\/div><\/div><div class=\"fusion-toggle-heading\">Minimum depozito nedir?<\/div><\/a><\/h4><\/div><div id=\"collapse-1-5227\" aria-labelledby=\"faq_1-5227\" class=\"panel-collapse collapse\"><div class=\"panel-body toggle-content post-content\"><p>Minimum depozito hesap t\u00fcr\u00fcne ba\u011fl\u0131d\u0131r ancak genellikle $100&#039;d\u00fcr.<\/p>\n<\/div><\/div><\/div><div class=\"fusion-panel fusion-toggle-no-divider fusion-toggle-boxed-mode panel-default fusion-faq-post fusion-faq-post-5225 faq\"><span class=\"entry-title rich-snippet-hidden\">Temel para birimini veya hesab\u0131m\u0131n t\u00fcr\u00fcn\u00fc de\u011fi\u015ftirmek m\u00fcmk\u00fcn m\u00fc?<\/span><span class=\"vcard rich-snippet-hidden\"><span class=\"fn\"><a href=\"https:\/\/bextoncapital.com\/tr\/author\/admin\/\" title=\"admin taraf\u0131ndan yaz\u0131lan yaz\u0131lar\" rel=\"author\">y\u00f6netici<\/a><\/span><\/span><span class=\"updated rich-snippet-hidden\">2023-06-09T10:57:16+01:00<\/span><div class=\"panel-heading\"><h4 id=\"faq_1-5225\" class=\"panel-title toggle\"><a data-toggle=\"collapse\" class=\"collapsed\" data-parent=\"#accordian-1\" data-target=\"#collapse-1-5225\" href=\"#collapse-1-5225\" aria-expanded=\"false\"><div class=\"fusion-toggle-icon-wrapper\"><div class=\"fusion-toggle-icon-wrapper-main\"><div class=\"fusion-toggle-icon-wrapper-sub\"><i class=\"fa-fusion-box active-icon awb-icon-minus\" aria-hidden=\"true\"><\/i><i class=\"fa-fusion-box inactive-icon awb-icon-plus\" aria-hidden=\"true\"><\/i><\/div><\/div><\/div><div class=\"fusion-toggle-heading\">Temel para birimini veya hesab\u0131m\u0131n t\u00fcr\u00fcn\u00fc de\u011fi\u015ftirmek m\u00fcmk\u00fcn m\u00fc?<\/div><\/a><\/h4><\/div><div id=\"collapse-1-5225\" aria-labelledby=\"faq_1-5225\" class=\"panel-collapse collapse\"><div class=\"panel-body toggle-content post-content\"><p>Hay\u0131r de\u011fil. Hesab\u0131n t\u00fcr\u00fcn\u00fc veya temel para birimini de\u011fi\u015ftirmek i\u00e7in gerekli parametrelerle yeni bir hesap a\u00e7man\u0131z gerekir.<\/p>\n<\/div><\/div><\/div><div class=\"fusion-panel fusion-toggle-no-divider fusion-toggle-boxed-mode panel-default fusion-faq-post fusion-faq-post-5223\"><span class=\"entry-title rich-snippet-hidden\">Marj nas\u0131l hesaplan\u0131r?<\/span><span class=\"vcard rich-snippet-hidden\"><span class=\"fn\"><a href=\"https:\/\/bextoncapital.com\/tr\/author\/admin\/\" title=\"admin taraf\u0131ndan yaz\u0131lan yaz\u0131lar\" rel=\"author\">y\u00f6netici<\/a><\/span><\/span><span class=\"updated rich-snippet-hidden\">2023-06-09T10:56:51+01:00<\/span><div class=\"panel-heading\"><h4 id=\"faq_1-5223\" class=\"panel-title toggle\"><a data-toggle=\"collapse\" class=\"collapsed\" data-parent=\"#accordian-1\" data-target=\"#collapse-1-5223\" href=\"#collapse-1-5223\" aria-expanded=\"false\"><div class=\"fusion-toggle-icon-wrapper\"><div class=\"fusion-toggle-icon-wrapper-main\"><div class=\"fusion-toggle-icon-wrapper-sub\"><i class=\"fa-fusion-box active-icon awb-icon-minus\" aria-hidden=\"true\"><\/i><i class=\"fa-fusion-box inactive-icon awb-icon-plus\" aria-hidden=\"true\"><\/i><\/div><\/div><\/div><div class=\"fusion-toggle-heading\">Marj nas\u0131l hesaplan\u0131r?<\/div><\/a><\/h4><\/div><div id=\"collapse-1-5223\" aria-labelledby=\"faq_1-5223\" class=\"panel-collapse collapse\"><div class=\"panel-body toggle-content post-content\"><p><strong>\u00d6rnek:<\/strong><\/p>\n<p>1 lot EURUSD sat\u0131n al\u0131yorsunuz.<br \/>\nHesab\u0131n para birimi: EUR.<br \/>\nKald\u0131ra\u00e7: 1:100.<\/p>\n<p>= 100.000 \/ 100 = 1.000 AVRO<\/p>\n<p>Hesab\u0131n\u0131z\u0131n para biriminin, enstr\u00fcman\u0131n baz para biriminden farkl\u0131 olmas\u0131 durumunda, marj tutar\u0131n\u0131, pozisyonunuz a\u00e7\u0131lan kur \u00fczerinden hesap para birimine \u00e7evirmeniz gerekir.<\/p>\n<p><strong>\u00d6rnek:<\/strong><\/p>\n<p>1 lot EURUSD sat\u0131n al\u0131yorsunuz.<br \/>\nHesab\u0131n para birimi: USD.<br \/>\nVarl\u0131\u011f\u0131n temel para birimi cinsinden marj\u0131: 1.000 EUR.<br \/>\nG\u00fcncel EURUSD kuru: 1,2345.<\/p>\n<p>= 1.000 * 1,2345 = 1.234,50 ABD Dolar\u0131<\/p>\n<\/div><\/div><\/div><div class=\"fusion-panel fusion-toggle-no-divider fusion-toggle-boxed-mode panel-default fusion-faq-post fusion-faq-post-5221 faq\"><span class=\"entry-title rich-snippet-hidden\">Neden bir demo hesab\u0131na ihtiyac\u0131m var?<\/span><span class=\"vcard rich-snippet-hidden\"><span class=\"fn\"><a href=\"https:\/\/bextoncapital.com\/tr\/author\/admin\/\" title=\"admin taraf\u0131ndan yaz\u0131lan yaz\u0131lar\" rel=\"author\">y\u00f6netici<\/a><\/span><\/span><span class=\"updated rich-snippet-hidden\">2023-06-09T10:56:09+01:00<\/span><div class=\"panel-heading\"><h4 id=\"faq_1-5221\" class=\"panel-title toggle\"><a data-toggle=\"collapse\" class=\"collapsed\" data-parent=\"#accordian-1\" data-target=\"#collapse-1-5221\" href=\"#collapse-1-5221\" aria-expanded=\"false\"><div class=\"fusion-toggle-icon-wrapper\"><div class=\"fusion-toggle-icon-wrapper-main\"><div class=\"fusion-toggle-icon-wrapper-sub\"><i class=\"fa-fusion-box active-icon awb-icon-minus\" aria-hidden=\"true\"><\/i><i class=\"fa-fusion-box inactive-icon awb-icon-plus\" aria-hidden=\"true\"><\/i><\/div><\/div><\/div><div class=\"fusion-toggle-heading\">Neden bir demo hesab\u0131na ihtiyac\u0131m var?<\/div><\/a><\/h4><\/div><div id=\"collapse-1-5221\" aria-labelledby=\"faq_1-5221\" class=\"panel-collapse collapse\"><div class=\"panel-body toggle-content post-content\"><p>Demo hesaplar\u0131 genellikle \u00fc\u00e7 durumda kullan\u0131l\u0131r:<\/p>\n<ol>\n<li>Yeni ba\u015flayan biriyseniz ve kendi paran\u0131z\u0131 kaybetme riski olmadan finansal piyasalarda i\u015flem yapman\u0131n temellerini \u00f6\u011frenmek istiyorsan\u0131z.<\/li>\n<li>Ger\u00e7ek hesap a\u00e7madan \u00f6nce arac\u0131 kurumun sa\u011flad\u0131\u011f\u0131 ko\u015fullar\u0131 test etmek istedi\u011finizde.<\/li>\n<li>Yeni ticaret stratejinizi test etmeniz durumunda.<\/li>\n<\/ol>\n<\/div><\/div><\/div><div class=\"fusion-panel fusion-toggle-no-divider fusion-toggle-boxed-mode panel-default fusion-faq-post fusion-faq-post-5219 faq\"><span class=\"entry-title rich-snippet-hidden\">Pozisyon a\u00e7maya \u00e7al\u0131\u015ft\u0131\u011f\u0131mda neden \u201cYeterli para yok\u201d mesaj\u0131 \u00e7\u0131k\u0131yor?<\/span><span class=\"vcard rich-snippet-hidden\"><span class=\"fn\"><a href=\"https:\/\/bextoncapital.com\/tr\/author\/admin\/\" title=\"admin taraf\u0131ndan yaz\u0131lan yaz\u0131lar\" rel=\"author\">y\u00f6netici<\/a><\/span><\/span><span class=\"updated rich-snippet-hidden\">2023-06-09T10:55:27+01:00<\/span><div class=\"panel-heading\"><h4 id=\"faq_1-5219\" class=\"panel-title toggle\"><a data-toggle=\"collapse\" class=\"collapsed\" data-parent=\"#accordian-1\" data-target=\"#collapse-1-5219\" href=\"#collapse-1-5219\" aria-expanded=\"false\"><div class=\"fusion-toggle-icon-wrapper\"><div class=\"fusion-toggle-icon-wrapper-main\"><div class=\"fusion-toggle-icon-wrapper-sub\"><i class=\"fa-fusion-box active-icon awb-icon-minus\" aria-hidden=\"true\"><\/i><i class=\"fa-fusion-box inactive-icon awb-icon-plus\" aria-hidden=\"true\"><\/i><\/div><\/div><\/div><div class=\"fusion-toggle-heading\">Pozisyon a\u00e7maya \u00e7al\u0131\u015ft\u0131\u011f\u0131mda neden \u201cYeterli para yok\u201d mesaj\u0131 \u00e7\u0131k\u0131yor?<\/div><\/a><\/h4><\/div><div id=\"collapse-1-5219\" aria-labelledby=\"faq_1-5219\" class=\"panel-collapse collapse\"><div class=\"panel-body toggle-content post-content\"><p>&quot;Yeterli para yok&quot;, hesab\u0131n\u0131zda istenilen miktarda pozisyon a\u00e7maya yetecek kadar marj\u0131n olmad\u0131\u011f\u0131 anlam\u0131na gelir.<\/p>\n<\/div><\/div><\/div><\/div><\/div><\/div><\/div><\/div><\/div><\/div><\/div>","protected":false},"excerpt":{"rendered":"","protected":false},"author":1,"featured_media":4108,"parent":0,"menu_order":0,"comment_status":"closed","ping_status":"closed","template":"100-width.php","meta":{"footnotes":""},"class_list":["post-4106","page","type-page","status-publish","has-post-thumbnail","hentry"],"_links":{"self":[{"href":"https:\/\/bextoncapital.com\/tr\/wp-json\/wp\/v2\/pages\/4106","targetHints":{"allow":["GET"]}}],"collection":[{"href":"https:\/\/bextoncapital.com\/tr\/wp-json\/wp\/v2\/pages"}],"about":[{"href":"https:\/\/bextoncapital.com\/tr\/wp-json\/wp\/v2\/types\/page"}],"author":[{"embeddable":true,"href":"https:\/\/bextoncapital.com\/tr\/wp-json\/wp\/v2\/users\/1"}],"replies":[{"embeddable":true,"href":"https:\/\/bextoncapital.com\/tr\/wp-json\/wp\/v2\/comments?post=4106"}],"version-history":[{"count":2,"href":"https:\/\/bextoncapital.com\/tr\/wp-json\/wp\/v2\/pages\/4106\/revisions"}],"predecessor-version":[{"id":5231,"href":"https:\/\/bextoncapital.com\/tr\/wp-json\/wp\/v2\/pages\/4106\/revisions\/5231"}],"wp:featuredmedia":[{"embeddable":true,"href":"https:\/\/bextoncapital.com\/tr\/wp-json\/wp\/v2\/media\/4108"}],"wp:attachment":[{"href":"https:\/\/bextoncapital.com\/tr\/wp-json\/wp\/v2\/media?parent=4106"}],"curies":[{"name":"wp","href":"https:\/\/api.w.org\/{rel}","templated":true}]}}