{"id":5272,"date":"2024-02-26T11:12:53","date_gmt":"2024-02-26T11:12:53","guid":{"rendered":"https:\/\/bextoncapital.com\/?page_id=5272"},"modified":"2024-02-28T13:56:22","modified_gmt":"2024-02-28T13:56:22","slug":"marjin-calculator","status":"publish","type":"page","link":"https:\/\/bextoncapital.com\/ro\/marjin-calculator\/","title":{"rendered":"Calculatorul Marjin"},"content":{"rendered":"<div class=\"fusion-fullwidth fullwidth-box fusion-builder-row-1 fusion-flex-container nonhundred-percent-fullwidth non-hundred-percent-height-scrolling fusion-animated\" style=\"--awb-background-position:left top;--awb-background-blend-mode:screen;--awb-border-sizes-top:0px;--awb-border-sizes-bottom:0px;--awb-border-sizes-left:0px;--awb-border-sizes-right:0px;--awb-border-color:var(--awb-color3);--awb-border-radius-top-left:0px;--awb-border-radius-top-right:0px;--awb-border-radius-bottom-right:0px;--awb-border-radius-bottom-left:0px;--awb-padding-top:100px;--awb-padding-right:0px;--awb-padding-bottom:100px;--awb-padding-left:0px;--awb-padding-top-medium:0px;--awb-padding-bottom-medium:0px;--awb-padding-top-small:0px;--awb-margin-top:-120px;--awb-margin-bottom:0px;--awb-margin-top-medium:-80px;--awb-margin-bottom-medium:80px;--awb-margin-top-small:-60px;--awb-margin-bottom-small:60px;--awb-background-color:hsla(var(--awb-color4-h),var(--awb-color4-s),var(--awb-color4-l),calc( var(--awb-color4-a) - 93% ));\" data-animationtype=\"fadeInUp\" data-animationduration=\"1.3\" data-animationoffset=\"top-into-view\" ><div class=\"fusion-builder-row fusion-row fusion-flex-align-items-stretch fusion-flex-justify-content-center\" style=\"max-width:calc( 1170px + 0px );margin-left: calc(-0px \/ 2 );margin-right: calc(-0px \/ 2 );\"><div class=\"fusion-layout-column fusion_builder_column fusion-builder-column-0 fusion_builder_column_1_1 1_1 fusion-flex-column\" style=\"--awb-bg-size:cover;--awb-width-large:100%;--awb-margin-top-large:0px;--awb-spacing-right-large:0;--awb-margin-bottom-large:20px;--awb-spacing-left-large:0;--awb-width-medium:100%;--awb-order-medium:0;--awb-spacing-right-medium:0;--awb-spacing-left-medium:0;--awb-width-small:100%;--awb-order-small:0;--awb-spacing-right-small:0;--awb-spacing-left-small:0;\"><div class=\"fusion-column-wrapper fusion-column-has-shadow fusion-flex-justify-content-flex-start fusion-content-layout-column\"><div class=\"fusion-title title fusion-title-1 fusion-title-center fusion-title-text fusion-title-size-two\" style=\"--awb-font-size:36px;\"><div class=\"title-sep-container title-sep-container-left\"><div class=\"title-sep sep- sep-solid\" style=\"border-color:var(--awb-color3);\"><\/div><\/div><span class=\"awb-title-spacer\"><\/span><h2 class=\"title-heading-center fusion-responsive-typography-calculated\" style=\"margin:0;font-size:1em;text-transform:capitalize;--fontSize:36;line-height:var(--awb-typography1-line-height);text-shadow:1px 1px 0px;\">\u00cen\u021belegerea calculelor de marj\u0103 \u00een tranzac\u021bionarea financiar\u0103: un ghid pentru tranzac\u021bionarea cu efect de levier \u0219i managementul riscului<\/h2><span class=\"awb-title-spacer\"><\/span><div class=\"title-sep-container title-sep-container-right\"><div class=\"title-sep sep- sep-solid\" style=\"border-color:var(--awb-color3);\"><\/div><\/div><\/div><\/div><\/div><div class=\"fusion-layout-column fusion_builder_column fusion-builder-column-1 fusion-flex-column fusion-flex-align-self-center fusion-animated\" style=\"--awb-padding-top:1vw;--awb-padding-right:1vw;--awb-padding-bottom:1vw;--awb-padding-left:1vw;--awb-padding-top-small:0px;--awb-padding-right-small:90px;--awb-padding-bottom-small:0px;--awb-padding-left-small:90px;--awb-bg-color:var(--awb-color1);--awb-bg-color-hover:var(--awb-color1);--awb-bg-size:cover;--awb-width-large:41.57%;--awb-margin-top-large:0px;--awb-spacing-right-large:calc( 0.0048111618955978 * calc( 100% - 0 ) );--awb-margin-bottom-large:0px;--awb-spacing-left-large:0;--awb-width-medium:100%;--awb-order-medium:0;--awb-spacing-right-medium:0;--awb-spacing-left-medium:0;--awb-width-small:100%;--awb-order-small:1;--awb-spacing-right-small:0;--awb-spacing-left-small:0;\" data-animationtype=\"fadeInUp\" data-animationduration=\"1.3\" data-animationoffset=\"top-into-view\"><div class=\"fusion-column-wrapper fusion-column-has-shadow fusion-flex-justify-content-flex-start fusion-content-layout-column\"><div class=\"fusion-separator fusion-full-width-sep\" style=\"align-self: center;margin-left: auto;margin-right: auto;margin-bottom:40px;width:100%;\"><\/div><iframe class=\"lazyload\" frameborder=\"0\" scrolling=\"no\" height=\"425\" width=\"430\" allowtransparency=\"true\" marginwidth=\"0\" marginheight=\"0\" src=\"data:image\/svg+xml,%3Csvg%20xmlns%3D%27http%3A%2F%2Fwww.w3.org%2F2000%2Fsvg%27%20width%3D%27430%27%20height%3D%27425%27%20viewBox%3D%270%200%20430%20425%27%3E%3Crect%20width%3D%27430%27%20height%3D%27425%27%20fill-opacity%3D%220%22%2F%3E%3C%2Fsvg%3E\" data-orig-src=\"https:\/\/ssltools.investing.com\/margin-calculator\/index.php?force_lang=1&acc=12&pair=1\"><\/iframe><br \/><div style=\"width:450\"><a href=\"http:\/\/www.investing.com\" target=\"_blank\"><img class=\"lazyload\" decoding=\"async\" src=\"date:image\/gif;base64,R0lGODlhAQABAAAAACH5BAEKAAEALAAAAAABAAEAAAICTAEAOw==\" data-orig-src=\"https:\/\/wmt-invdn-com.investing.com\/forexpros_en_logo.png\" alt=\"Investing.com\" title=\"Investing.com\" style=\"float:left\" \/><\/a><span style=\"float:right\"><span style=\"font-size: 11px;color: #333333;text-decoration: none;\">Calculatorul de marj\u0103 este alimentat de <a href=\"https:\/\/www.investing.com\/\" rel=\"nofollow\" target=\"_blank\" style=\"font-size: 11px;color: #06529D; font-weight: bold;\" class=\"underline_link\">Investing.com<\/a><\/span><\/span><\/div><\/div><\/div><div class=\"fusion-layout-column fusion_builder_column fusion-builder-column-2 fusion-flex-column\" style=\"--awb-bg-size:cover;--awb-width-large:58%;--awb-margin-top-large:0px;--awb-spacing-right-large:0;--awb-margin-bottom-large:20px;--awb-spacing-left-large:0;--awb-width-medium:100%;--awb-order-medium:0;--awb-spacing-right-medium:0;--awb-spacing-left-medium:0;--awb-width-small:100%;--awb-order-small:0;--awb-spacing-right-small:0;--awb-spacing-left-small:0;\"><div class=\"fusion-column-wrapper fusion-column-has-shadow fusion-flex-justify-content-flex-start fusion-content-layout-column\"><div class=\"fusion-text fusion-text-1 fusion-text-no-margin\" style=\"--awb-margin-top:20px;--awb-margin-right:20px;--awb-margin-bottom:20px;--awb-margin-left:20px;\"><p>Calculul marjei este unul dintre cele mai importante concepte \u00eent\u00e2lnite atunci c\u00e2nd tranzac\u021biona\u021bi pe pie\u021bele financiare. Marja se refer\u0103 la suma minim\u0103 de capital pe care un investitor trebuie s\u0103 o men\u021bin\u0103 \u00een cont pentru a p\u0103stra pozi\u021biile deschise. Acest lucru permite posibilitatea tranzac\u021bion\u0103rii cu efect de levier pe pie\u021be, ajut\u00e2nd \u00een acela\u0219i timp investitorii s\u0103 gestioneze riscul la care sunt expu\u0219i.<\/p>\n<p>Calculul marjei const\u0103 de obicei din dou\u0103 componente principale: Marja ini\u021bial\u0103 \u0219i Marja de \u00eentre\u021binere. Marja ini\u021bial\u0103 este capitalul ini\u021bial necesar pentru a deschide o pozi\u021bie. Marja de \u00eentre\u021binere, pe de alt\u0103 parte, este suma minim\u0103 de capital necesar\u0103 pentru a proteja pozi\u021biile deschise \u00eempotriva fluctua\u021biilor valorii de pia\u021b\u0103.<\/p>\n<p>La calcularea marjei, raportul de levier utilizat este de mare importan\u021b\u0103. Raportul de levier indic\u0103 de c\u00e2te ori mai mare dec\u00e2t capitalul investitorului poate tranzac\u021biona. De exemplu, cu un raport de levier de 1:100, un investitor poate deschide o pozi\u021bie \u00een valoare de $100.000 cu doar $1.000 de capital. Cu toate acestea, \u00een timp ce ratele de levier ridicat ofer\u0103 oportunit\u0103\u021bi mari de profit, ele cresc \u0219i riscul de pierdere.<\/p>\n<p>Dac\u0103 nivelul marjei scade la un nivel sc\u0103zut din cauza modific\u0103rilor valorii de pia\u021b\u0103, investitorului i se poate cere s\u0103 depun\u0103 o marj\u0103 suplimentar\u0103. Aceast\u0103 situa\u021bie este cunoscut\u0103 sub numele de \u201eApel \u00een marj\u0103\u201d \u0219i indic\u0103 faptul c\u0103 investitorul trebuie s\u0103 depun\u0103 capital suplimentar pentru a-\u0219i men\u021bine pozi\u021biile. Dac\u0103 investitorul nu depune marja necesar\u0103, pozi\u021biile acestuia pot fi \u00eenchise automat.<\/p>\n<p>Calcularea marjei este o parte fundamental\u0103 a tranzac\u021bion\u0103rii pe pie\u021bele financiare \u0219i joac\u0103 un rol semnificativ \u00een strategiile de gestionare a riscurilor ale investitorilor. Evalu\u00e2nd cu aten\u021bie cerin\u021bele de marj\u0103 \u0219i ratele de levier, investitorii pot dezvolta o strategie de investi\u021bii de protec\u021bie \u00eempotriva fluctua\u021biilor pie\u021bei. Acest lucru este esen\u021bial at\u00e2t pentru maximizarea profiturilor poten\u021biale, c\u00e2t \u0219i pentru minimizarea pierderilor poten\u021biale.<\/p>\n<\/div><\/div><\/div><\/div><\/div>","protected":false},"excerpt":{"rendered":"","protected":false},"author":1,"featured_media":4157,"parent":0,"menu_order":0,"comment_status":"closed","ping_status":"closed","template":"100-width.php","meta":{"footnotes":""},"class_list":["post-5272","page","type-page","status-publish","has-post-thumbnail","hentry"],"_links":{"self":[{"href":"https:\/\/bextoncapital.com\/ro\/wp-json\/wp\/v2\/pages\/5272","targetHints":{"allow":["GET"]}}],"collection":[{"href":"https:\/\/bextoncapital.com\/ro\/wp-json\/wp\/v2\/pages"}],"about":[{"href":"https:\/\/bextoncapital.com\/ro\/wp-json\/wp\/v2\/types\/page"}],"author":[{"embeddable":true,"href":"https:\/\/bextoncapital.com\/ro\/wp-json\/wp\/v2\/users\/1"}],"replies":[{"embeddable":true,"href":"https:\/\/bextoncapital.com\/ro\/wp-json\/wp\/v2\/comments?post=5272"}],"version-history":[{"count":3,"href":"https:\/\/bextoncapital.com\/ro\/wp-json\/wp\/v2\/pages\/5272\/revisions"}],"predecessor-version":[{"id":5289,"href":"https:\/\/bextoncapital.com\/ro\/wp-json\/wp\/v2\/pages\/5272\/revisions\/5289"}],"wp:featuredmedia":[{"embeddable":true,"href":"https:\/\/bextoncapital.com\/ro\/wp-json\/wp\/v2\/media\/4157"}],"wp:attachment":[{"href":"https:\/\/bextoncapital.com\/ro\/wp-json\/wp\/v2\/media?parent=5272"}],"curies":[{"name":"wp","href":"https:\/\/api.w.org\/{rel}","templated":true}]}}