{"id":5240,"date":"2023-06-09T12:22:07","date_gmt":"2023-06-09T11:22:07","guid":{"rendered":"https:\/\/bextoncapital.com\/?page_id=5240"},"modified":"2024-02-28T14:04:10","modified_gmt":"2024-02-28T14:04:10","slug":"economic-calander","status":"publish","type":"page","link":"https:\/\/bextoncapital.com\/ro\/economic-calander\/","title":{"rendered":"Calander economic"},"content":{"rendered":"<div class=\"fusion-fullwidth fullwidth-box fusion-builder-row-1 fusion-flex-container has-pattern-background has-mask-background nonhundred-percent-fullwidth non-hundred-percent-height-scrolling\" style=\"--awb-border-radius-top-left:0px;--awb-border-radius-top-right:0px;--awb-border-radius-bottom-right:0px;--awb-border-radius-bottom-left:0px;--awb-padding-right:0px;\" ><div class=\"fusion-builder-row fusion-row fusion-flex-align-items-flex-start\" style=\"max-width:1216.8px;margin-left: calc(-4% \/ 2 );margin-right: calc(-4% \/ 2 );\"><div class=\"fusion-layout-column fusion_builder_column fusion-builder-column-0 fusion_builder_column_1_1 1_1 fusion-flex-column\" style=\"--awb-bg-size:cover;--awb-width-large:100%;--awb-margin-top-large:0px;--awb-spacing-right-large:1.92%;--awb-margin-bottom-large:20px;--awb-spacing-left-large:1.92%;--awb-width-medium:100%;--awb-order-medium:0;--awb-spacing-right-medium:1.92%;--awb-spacing-left-medium:1.92%;--awb-width-small:100%;--awb-order-small:0;--awb-spacing-right-small:1.92%;--awb-spacing-left-small:1.92%;\"><div class=\"fusion-column-wrapper fusion-column-has-shadow fusion-flex-justify-content-flex-start fusion-content-layout-column\"><div class=\"fusion-text fusion-text-1\"><p>Calendarul economic este un instrument vital pentru investitori \u0219i comercian\u021bi din lumea financiar\u0103, oferind un program structurat de evenimente economice cheie \u0219i indicatori care sunt esen\u021biali \u00een modelarea tendin\u021belor pie\u021bei \u0219i a strategiilor de investi\u021bii. Acesta cuprinde o gam\u0103 larg\u0103 de informa\u021bii, inclusiv decizii ale b\u0103ncii centrale, statistici economice \u0219i rapoarte guvernamentale din \u00eentreaga lume, oferind perspective asupra s\u0103n\u0103t\u0103\u021bii economice, schimb\u0103rilor de politic\u0103 \u0219i poten\u021bialele mi\u0219c\u0103ri ale pie\u021bei. Fiind la curent cu aceste evenimente, participan\u021bii de pe pia\u021b\u0103 pot lua decizii mai informate, pot anticipa volatilitatea pie\u021bei \u0219i \u00ee\u0219i pot strategii tranzac\u021biile mai eficient. Fie pentru prognozarea mi\u0219c\u0103rilor valutare pe pia\u021ba valutar\u0103, anticiparea fluctua\u021biilor pie\u021bei de valori sau evaluarea tendin\u021belor m\u0103rfurilor, calendarul economic serve\u0219te ca un ghid cuprinz\u0103tor pentru a naviga pe peisajul complex \u0219i dinamic al pie\u021belor financiare.<\/p>\n<\/div><div id=\"economicCalendarWidget\"><\/div>\n<script async type=\"text\/javascript\" data-type=\"calendar-widget\" src=\"https:\/\/www.tradays.com\/c\/js\/widgets\/calendar\/widget.js?v=12\">\n  {\"width\":\"100%\",\"height\":\"600px\",\"mode\":\"2\"}\n<\/script><\/div><\/div><\/div><\/div>","protected":false},"excerpt":{"rendered":"","protected":false},"author":1,"featured_media":5290,"parent":0,"menu_order":0,"comment_status":"closed","ping_status":"closed","template":"","meta":{"footnotes":""},"class_list":["post-5240","page","type-page","status-publish","has-post-thumbnail","hentry"],"_links":{"self":[{"href":"https:\/\/bextoncapital.com\/ro\/wp-json\/wp\/v2\/pages\/5240","targetHints":{"allow":["GET"]}}],"collection":[{"href":"https:\/\/bextoncapital.com\/ro\/wp-json\/wp\/v2\/pages"}],"about":[{"href":"https:\/\/bextoncapital.com\/ro\/wp-json\/wp\/v2\/types\/page"}],"author":[{"embeddable":true,"href":"https:\/\/bextoncapital.com\/ro\/wp-json\/wp\/v2\/users\/1"}],"replies":[{"embeddable":true,"href":"https:\/\/bextoncapital.com\/ro\/wp-json\/wp\/v2\/comments?post=5240"}],"version-history":[{"count":9,"href":"https:\/\/bextoncapital.com\/ro\/wp-json\/wp\/v2\/pages\/5240\/revisions"}],"predecessor-version":[{"id":5291,"href":"https:\/\/bextoncapital.com\/ro\/wp-json\/wp\/v2\/pages\/5240\/revisions\/5291"}],"wp:featuredmedia":[{"embeddable":true,"href":"https:\/\/bextoncapital.com\/ro\/wp-json\/wp\/v2\/media\/5290"}],"wp:attachment":[{"href":"https:\/\/bextoncapital.com\/ro\/wp-json\/wp\/v2\/media?parent=5240"}],"curies":[{"name":"wp","href":"https:\/\/api.w.org\/{rel}","templated":true}]}}