{"id":5276,"date":"2024-02-26T11:13:30","date_gmt":"2024-02-26T11:13:30","guid":{"rendered":"https:\/\/bextoncapital.com\/?page_id=5276"},"modified":"2024-02-28T13:48:44","modified_gmt":"2024-02-28T13:48:44","slug":"license","status":"publish","type":"page","link":"https:\/\/bextoncapital.com\/hu\/license\/","title":{"rendered":"Enged\u00e9ly"},"content":{"rendered":"<p><div class=\"fusion-fullwidth fullwidth-box fusion-builder-row-1 fusion-flex-container has-pattern-background has-mask-background nonhundred-percent-fullwidth non-hundred-percent-height-scrolling\" style=\"--awb-border-radius-top-left:0px;--awb-border-radius-top-right:0px;--awb-border-radius-bottom-right:0px;--awb-border-radius-bottom-left:0px;\" ><div class=\"fusion-builder-row fusion-row fusion-flex-align-items-flex-start\" style=\"max-width:1216.8px;margin-left: calc(-4% \/ 2 );margin-right: calc(-4% \/ 2 );\"><div class=\"fusion-layout-column fusion_builder_column fusion-builder-column-0 fusion_builder_column_1_2 1_2 fusion-flex-column fusion-flex-align-self-center\" style=\"--awb-bg-size:cover;--awb-width-large:50%;--awb-margin-top-large:0px;--awb-spacing-right-large:3.84%;--awb-margin-bottom-large:0px;--awb-spacing-left-large:3.84%;--awb-width-medium:100%;--awb-order-medium:0;--awb-spacing-right-medium:1.92%;--awb-spacing-left-medium:1.92%;--awb-width-small:100%;--awb-order-small:0;--awb-spacing-right-small:1.92%;--awb-spacing-left-small:1.92%;\"><div class=\"fusion-column-wrapper fusion-column-has-shadow fusion-flex-justify-content-center fusion-content-layout-row\"><div class=\"fusion-image-element\" style=\"--awb-caption-title-font-family:var(--h2_typography-font-family);--awb-caption-title-font-weight:var(--h2_typography-font-weight);--awb-caption-title-font-style:var(--h2_typography-font-style);--awb-caption-title-size:var(--h2_typography-font-size);--awb-caption-title-transform:var(--h2_typography-text-transform);--awb-caption-title-line-height:var(--h2_typography-line-height);--awb-caption-title-letter-spacing:var(--h2_typography-letter-spacing);\"><span class=\"fusion-imageframe imageframe-none imageframe-1 hover-type-none\"><a class=\"fusion-no-lightbox\" href=\"https:\/\/bextoncapital.com\/wp-content\/uploads\/2024\/02\/bexton-capital-license.pdf\" target=\"_self\" aria-label=\"Licencszab\u00e1lyoz\u00e1s\"><img decoding=\"async\" width=\"212\" height=\"300\" src=\"https:\/\/bextoncapital.com\/wp-content\/uploads\/2024\/02\/Licence-regulation.jpg\" data-orig-src=\"https:\/\/bextoncapital.com\/wp-content\/uploads\/2024\/02\/Licence-regulation-212x300.jpg\" alt class=\"lazyload img-responsive wp-image-5281\" srcset=\"data:image\/svg+xml,%3Csvg%20xmlns%3D%27http%3A%2F%2Fwww.w3.org%2F2000%2Fsvg%27%20width%3D%27905%27%20height%3D%271281%27%20viewBox%3D%270%200%20905%201281%27%3E%3Crect%20width%3D%27905%27%20height%3D%271281%27%20fill-opacity%3D%220%22%2F%3E%3C%2Fsvg%3E\" data-srcset=\"https:\/\/bextoncapital.com\/wp-content\/uploads\/2024\/02\/Licence-regulation-200x283.jpg 200w, https:\/\/bextoncapital.com\/wp-content\/uploads\/2024\/02\/Licence-regulation-400x566.jpg 400w, https:\/\/bextoncapital.com\/wp-content\/uploads\/2024\/02\/Licence-regulation-600x849.jpg 600w, https:\/\/bextoncapital.com\/wp-content\/uploads\/2024\/02\/Licence-regulation-800x1132.jpg 800w, https:\/\/bextoncapital.com\/wp-content\/uploads\/2024\/02\/Licence-regulation.jpg 905w\" data-sizes=\"auto\" data-orig-sizes=\"(max-width: 1024px) 100vw, (max-width: 640px) 100vw, 600px\" \/><\/a><\/span><\/div><\/div><\/div><div class=\"fusion-layout-column fusion_builder_column fusion-builder-column-1 fusion_builder_column_1_2 1_2 fusion-flex-column\" style=\"--awb-bg-size:cover;--awb-width-large:50%;--awb-margin-top-large:0px;--awb-spacing-right-large:3.84%;--awb-margin-bottom-large:20px;--awb-spacing-left-large:3.84%;--awb-width-medium:100%;--awb-order-medium:0;--awb-spacing-right-medium:1.92%;--awb-spacing-left-medium:1.92%;--awb-width-small:100%;--awb-order-small:0;--awb-spacing-right-small:1.92%;--awb-spacing-left-small:1.92%;\"><div class=\"fusion-column-wrapper fusion-column-has-shadow fusion-flex-justify-content-flex-start fusion-content-layout-column\"><div class=\"fusion-title title fusion-title-1 fusion-title-center fusion-title-text fusion-title-size-two\" style=\"--awb-font-size:36px;\"><div class=\"title-sep-container title-sep-container-left\"><div class=\"title-sep sep- sep-solid\" style=\"border-color:var(--awb-color3);\"><\/div><\/div><span class=\"awb-title-spacer\"><\/span><h2 class=\"title-heading-center fusion-responsive-typography-calculated\" style=\"margin:0;font-size:1em;text-transform:capitalize;--fontSize:36;line-height:var(--awb-typography1-line-height);\"><strong>Licencek, szab\u00e1lyoz\u00e1s \u00e9s szakmai tags\u00e1g<\/strong><\/h2><span class=\"awb-title-spacer\"><\/span><div class=\"title-sep-container title-sep-container-right\"><div class=\"title-sep sep- sep-solid\" style=\"border-color:var(--awb-color3);\"><\/div><\/div><\/div><div class=\"fusion-text fusion-text-1\"><p>Az \u00e1tl\u00e1that\u00f3s\u00e1g hat\u00e1rozott sz\u00f3sz\u00f3l\u00f3jak\u00e9nt a legmagasabb biztons\u00e1gi el\u0151\u00edr\u00e1sokat \u00e1ll\u00edtottuk fel \u00fcgyfeleink p\u00e9nzeszk\u00f6zeivel szemben. Ennek \u00e9rdek\u00e9ben az \u00fcgyfelek p\u00e9nzeszk\u00f6zeit a nagy nemzetk\u00f6zi bankokban t\u00e1rolj\u00e1k, \u00e9s teljesen elk\u00fcl\u00f6n\u00fclnek a v\u00e1llalat saj\u00e1t t\u0151k\u00e9j\u00e9t\u0151l.<\/p>\n<\/div><div style=\"text-align:center;\"><a class=\"fusion-button button-flat fusion-button-default-size button-default fusion-button-default button-1 fusion-button-default-span fusion-button-default-type\" target=\"_self\" href=\"https:\/\/bextoncapital.com\/wp-content\/uploads\/2024\/02\/bexton-capital-license.pdf\"><span class=\"fusion-button-text\">Kattintson \u00e9s tekintse meg licenc\u00fcnket<\/span><\/a><\/div><\/div><\/div><\/div><\/div><div class=\"fusion-fullwidth fullwidth-box fusion-builder-row-2 fusion-flex-container has-pattern-background has-mask-background nonhundred-percent-fullwidth non-hundred-percent-height-scrolling\" style=\"--awb-border-radius-top-left:0px;--awb-border-radius-top-right:0px;--awb-border-radius-bottom-right:0px;--awb-border-radius-bottom-left:0px;--awb-padding-top:42px;--awb-margin-top:119px;\" ><div class=\"fusion-builder-row fusion-row fusion-flex-align-items-flex-start\" style=\"max-width:1216.8px;margin-left: calc(-4% \/ 2 );margin-right: calc(-4% \/ 2 );\"><div class=\"fusion-layout-column fusion_builder_column fusion-builder-column-2 fusion_builder_column_1_1 1_1 fusion-flex-column\" style=\"--awb-bg-size:cover;--awb-width-large:100%;--awb-margin-top-large:0px;--awb-spacing-right-large:1.92%;--awb-margin-bottom-large:20px;--awb-spacing-left-large:1.92%;--awb-width-medium:100%;--awb-order-medium:0;--awb-spacing-right-medium:1.92%;--awb-spacing-left-medium:1.92%;--awb-width-small:100%;--awb-order-small:0;--awb-spacing-right-small:1.92%;--awb-spacing-left-small:1.92%;\"><div class=\"fusion-column-wrapper fusion-column-has-shadow fusion-flex-justify-content-flex-start fusion-content-layout-column\"><div class=\"fusion-title title fusion-title-2 fusion-title-center fusion-title-text fusion-title-size-two\" style=\"--awb-font-size:30px;\"><div class=\"title-sep-container title-sep-container-left\"><div class=\"title-sep sep- sep-solid\" style=\"border-color:var(--awb-color3);\"><\/div><\/div><span class=\"awb-title-spacer\"><\/span><h2 class=\"title-heading-center fusion-responsive-typography-calculated\" style=\"margin:0;font-size:1em;text-transform:capitalize;--fontSize:30;line-height:var(--awb-typography1-line-height);text-shadow:1px 1px 0px;\"><strong>A Bexton Capital online keresked\u00e9si platformjait megb\u00edzhat\u00f3s\u00e1guk, biztons\u00e1guk \u00e9s gyorsas\u00e1guk miatt v\u00e1lasztott\u00e1k ki.<\/strong><\/h2><span class=\"awb-title-spacer\"><\/span><div class=\"title-sep-container title-sep-container-right\"><div class=\"title-sep sep- sep-solid\" style=\"border-color:var(--awb-color3);\"><\/div><\/div><\/div><div class=\"fusion-text fusion-text-2\"><p>Az\u00e1ltal, hogy integr\u00e1ljuk az ipar\u00e1g \u00e1ltalunk vezet\u0151 keresked\u00e9si platformokat az \u00fcgyf\u00e9lk\u00f6zpont\u00fa \u00fczleti megk\u00f6zel\u00edt\u00e9s\u00fcnkbe, lehet\u0151s\u00e9get biztos\u00edtunk keresked\u0151inknek, hogy gyors v\u00e9grehajt\u00e1st \u00e9s professzion\u00e1lis keresked\u00e9si felt\u00e9teleket \u00e9lvezzenek a m\u00e9lt\u00e1nyoss\u00e1g \u00e9s az \u00e1tl\u00e1that\u00f3s\u00e1g keretein bel\u00fcl.<\/p>\n<\/div><div style=\"text-align:center;\"><a class=\"fusion-button button-flat fusion-button-default-size button-default fusion-button-default button-2 fusion-button-default-span fusion-button-default-type\" target=\"_self\" href=\"https:\/\/shortlink.run\/Bextoncapital-signup\"><span class=\"fusion-button-text\">Kezdje el a keresked\u00e9st most<\/span><\/a><\/div><\/div><\/div><\/div><\/div><\/p>","protected":false},"excerpt":{"rendered":"","protected":false},"author":1,"featured_media":4157,"parent":0,"menu_order":0,"comment_status":"closed","ping_status":"closed","template":"100-width.php","meta":{"footnotes":""},"class_list":["post-5276","page","type-page","status-publish","has-post-thumbnail","hentry"],"_links":{"self":[{"href":"https:\/\/bextoncapital.com\/hu\/wp-json\/wp\/v2\/pages\/5276","targetHints":{"allow":["GET"]}}],"collection":[{"href":"https:\/\/bextoncapital.com\/hu\/wp-json\/wp\/v2\/pages"}],"about":[{"href":"https:\/\/bextoncapital.com\/hu\/wp-json\/wp\/v2\/types\/page"}],"author":[{"embeddable":true,"href":"https:\/\/bextoncapital.com\/hu\/wp-json\/wp\/v2\/users\/1"}],"replies":[{"embeddable":true,"href":"https:\/\/bextoncapital.com\/hu\/wp-json\/wp\/v2\/comments?post=5276"}],"version-history":[{"count":4,"href":"https:\/\/bextoncapital.com\/hu\/wp-json\/wp\/v2\/pages\/5276\/revisions"}],"predecessor-version":[{"id":5285,"href":"https:\/\/bextoncapital.com\/hu\/wp-json\/wp\/v2\/pages\/5276\/revisions\/5285"}],"wp:featuredmedia":[{"embeddable":true,"href":"https:\/\/bextoncapital.com\/hu\/wp-json\/wp\/v2\/media\/4157"}],"wp:attachment":[{"href":"https:\/\/bextoncapital.com\/hu\/wp-json\/wp\/v2\/media?parent=5276"}],"curies":[{"name":"wp","href":"https:\/\/api.w.org\/{rel}","templated":true}]}}