{"id":5272,"date":"2024-02-26T11:12:53","date_gmt":"2024-02-26T11:12:53","guid":{"rendered":"https:\/\/bextoncapital.com\/?page_id=5272"},"modified":"2024-02-28T13:56:22","modified_gmt":"2024-02-28T13:56:22","slug":"marjin-calculator","status":"publish","type":"page","link":"https:\/\/bextoncapital.com\/hu\/marjin-calculator\/","title":{"rendered":"Marjin kalkul\u00e1tor"},"content":{"rendered":"<div class=\"fusion-fullwidth fullwidth-box fusion-builder-row-1 fusion-flex-container nonhundred-percent-fullwidth non-hundred-percent-height-scrolling fusion-animated\" style=\"--awb-background-position:left top;--awb-background-blend-mode:screen;--awb-border-sizes-top:0px;--awb-border-sizes-bottom:0px;--awb-border-sizes-left:0px;--awb-border-sizes-right:0px;--awb-border-color:var(--awb-color3);--awb-border-radius-top-left:0px;--awb-border-radius-top-right:0px;--awb-border-radius-bottom-right:0px;--awb-border-radius-bottom-left:0px;--awb-padding-top:100px;--awb-padding-right:0px;--awb-padding-bottom:100px;--awb-padding-left:0px;--awb-padding-top-medium:0px;--awb-padding-bottom-medium:0px;--awb-padding-top-small:0px;--awb-margin-top:-120px;--awb-margin-bottom:0px;--awb-margin-top-medium:-80px;--awb-margin-bottom-medium:80px;--awb-margin-top-small:-60px;--awb-margin-bottom-small:60px;--awb-background-color:hsla(var(--awb-color4-h),var(--awb-color4-s),var(--awb-color4-l),calc( var(--awb-color4-a) - 93% ));\" data-animationtype=\"fadeInUp\" data-animationduration=\"1.3\" data-animationoffset=\"top-into-view\" ><div class=\"fusion-builder-row fusion-row fusion-flex-align-items-stretch fusion-flex-justify-content-center\" style=\"max-width:calc( 1170px + 0px );margin-left: calc(-0px \/ 2 );margin-right: calc(-0px \/ 2 );\"><div class=\"fusion-layout-column fusion_builder_column fusion-builder-column-0 fusion_builder_column_1_1 1_1 fusion-flex-column\" style=\"--awb-bg-size:cover;--awb-width-large:100%;--awb-margin-top-large:0px;--awb-spacing-right-large:0;--awb-margin-bottom-large:20px;--awb-spacing-left-large:0;--awb-width-medium:100%;--awb-order-medium:0;--awb-spacing-right-medium:0;--awb-spacing-left-medium:0;--awb-width-small:100%;--awb-order-small:0;--awb-spacing-right-small:0;--awb-spacing-left-small:0;\"><div class=\"fusion-column-wrapper fusion-column-has-shadow fusion-flex-justify-content-flex-start fusion-content-layout-column\"><div class=\"fusion-title title fusion-title-1 fusion-title-center fusion-title-text fusion-title-size-two\" style=\"--awb-font-size:36px;\"><div class=\"title-sep-container title-sep-container-left\"><div class=\"title-sep sep- sep-solid\" style=\"border-color:var(--awb-color3);\"><\/div><\/div><span class=\"awb-title-spacer\"><\/span><h2 class=\"title-heading-center fusion-responsive-typography-calculated\" style=\"margin:0;font-size:1em;text-transform:capitalize;--fontSize:36;line-height:var(--awb-typography1-line-height);text-shadow:1px 1px 0px;\">A fedezetsz\u00e1m\u00edt\u00e1sok meg\u00e9rt\u00e9se a p\u00e9nz\u00fcgyi keresked\u00e9sben: \u00datmutat\u00f3 a t\u0151ke\u00e1tt\u00e9teles keresked\u00e9shez \u00e9s kock\u00e1zatkezel\u00e9shez<\/h2><span class=\"awb-title-spacer\"><\/span><div class=\"title-sep-container title-sep-container-right\"><div class=\"title-sep sep- sep-solid\" style=\"border-color:var(--awb-color3);\"><\/div><\/div><\/div><\/div><\/div><div class=\"fusion-layout-column fusion_builder_column fusion-builder-column-1 fusion-flex-column fusion-flex-align-self-center fusion-animated\" style=\"--awb-padding-top:1vw;--awb-padding-right:1vw;--awb-padding-bottom:1vw;--awb-padding-left:1vw;--awb-padding-top-small:0px;--awb-padding-right-small:90px;--awb-padding-bottom-small:0px;--awb-padding-left-small:90px;--awb-bg-color:var(--awb-color1);--awb-bg-color-hover:var(--awb-color1);--awb-bg-size:cover;--awb-width-large:41.57%;--awb-margin-top-large:0px;--awb-spacing-right-large:calc( 0.0048111618955978 * calc( 100% - 0 ) );--awb-margin-bottom-large:0px;--awb-spacing-left-large:0;--awb-width-medium:100%;--awb-order-medium:0;--awb-spacing-right-medium:0;--awb-spacing-left-medium:0;--awb-width-small:100%;--awb-order-small:1;--awb-spacing-right-small:0;--awb-spacing-left-small:0;\" data-animationtype=\"fadeInUp\" data-animationduration=\"1.3\" data-animationoffset=\"top-into-view\"><div class=\"fusion-column-wrapper fusion-column-has-shadow fusion-flex-justify-content-flex-start fusion-content-layout-column\"><div class=\"fusion-separator fusion-full-width-sep\" style=\"align-self: center;margin-left: auto;margin-right: auto;margin-bottom:40px;width:100%;\"><\/div><iframe class=\"lazyload\" frameborder=\"0\" scrolling=\"no\" height=\"425\" width=\"430\" allowtransparency=\"true\" marginwidth=\"0\" marginheight=\"0\" src=\"data:image\/svg+xml,%3Csvg%20xmlns%3D%27http%3A%2F%2Fwww.w3.org%2F2000%2Fsvg%27%20width%3D%27430%27%20height%3D%27425%27%20viewBox%3D%270%200%20430%20425%27%3E%3Crect%20width%3D%27430%27%20height%3D%27425%27%20fill-opacity%3D%220%22%2F%3E%3C%2Fsvg%3E\" data-orig-src=\"https:\/\/ssltools.investing.com\/margin-calculator\/index.php?force_lang=1&acc=12&pair=1\"><\/iframe><br \/><div style=\"width:450\"><a href=\"http:\/\/www.investing.com\" target=\"_blank\"><img class=\"lazyload\" decoding=\"async\" src=\"adatok:image\/gif;base64,R0lGODlhAQABAAAAACH5BAEKAAEALAAAAAABAAEAAAICTAEAOw==\" data-orig-src=\"https:\/\/wmt-invdn-com.investing.com\/forexpros_en_logo.png\" alt=\"Investing.com\" title=\"Investing.com\" style=\"float:left\" \/><\/a><span style=\"float:right\"><span style=\"font-size: 11px;color: #333333;text-decoration: none;\">Az \u00e1rr\u00e9s-kalkul\u00e1tort a <a href=\"https:\/\/www.investing.com\/\" rel=\"nofollow\" target=\"_blank\" style=\"font-size: 11px;color: #06529D; font-weight: bold;\" class=\"underline_link\">Investing.com<\/a><\/span><\/span><\/div><\/div><\/div><div class=\"fusion-layout-column fusion_builder_column fusion-builder-column-2 fusion-flex-column\" style=\"--awb-bg-size:cover;--awb-width-large:58%;--awb-margin-top-large:0px;--awb-spacing-right-large:0;--awb-margin-bottom-large:20px;--awb-spacing-left-large:0;--awb-width-medium:100%;--awb-order-medium:0;--awb-spacing-right-medium:0;--awb-spacing-left-medium:0;--awb-width-small:100%;--awb-order-small:0;--awb-spacing-right-small:0;--awb-spacing-left-small:0;\"><div class=\"fusion-column-wrapper fusion-column-has-shadow fusion-flex-justify-content-flex-start fusion-content-layout-column\"><div class=\"fusion-text fusion-text-1 fusion-text-no-margin\" style=\"--awb-margin-top:20px;--awb-margin-right:20px;--awb-margin-bottom:20px;--awb-margin-left:20px;\"><p>A fedezetsz\u00e1m\u00edt\u00e1s az egyik legfontosabb fogalom, amellyel a p\u00e9nzpiaci keresked\u00e9s sor\u00e1n tal\u00e1lkozhatunk. A fedezet az a minim\u00e1lis t\u0151ke\u00f6sszeg, amelyet a befektet\u0151nek a sz\u00e1ml\u00e1j\u00e1n kell tartania a nyitott poz\u00edci\u00f3k megtart\u00e1s\u00e1hoz. Ez lehet\u0151v\u00e9 teszi a t\u0151ke\u00e1tt\u00e9teles keresked\u00e9s lehet\u0151s\u00e9g\u00e9t a piacokon, ugyanakkor seg\u00edti a befektet\u0151ket a kock\u00e1zatok kezel\u00e9s\u00e9ben.<\/p>\n<p>A fedezet sz\u00e1m\u00edt\u00e1sa jellemz\u0151en k\u00e9t f\u0151 \u00f6sszetev\u0151b\u0151l \u00e1ll: a kezdeti \u00e1rr\u00e9sb\u0151l \u00e9s a karbantart\u00e1si \u00e1rr\u00e9sb\u0151l. Az Initial Margin a poz\u00edci\u00f3 megnyit\u00e1s\u00e1hoz sz\u00fcks\u00e9ges indul\u00f3 t\u0151ke. A fenntart\u00e1si fedezet ezzel szemben az a minim\u00e1lis t\u0151kemennyis\u00e9g, amely a nyitott poz\u00edci\u00f3k piaci \u00e9rt\u00e9k ingadoz\u00e1sokkal szembeni v\u00e9delm\u00e9hez sz\u00fcks\u00e9ges.<\/p>\n<p>A fedezet kisz\u00e1m\u00edt\u00e1sakor nagy jelent\u0151s\u00e9ge van az alkalmazott t\u0151ke\u00e1tt\u00e9teli mutat\u00f3nak. A t\u0151ke\u00e1tt\u00e9teli mutat\u00f3 azt jelzi, hogy a befektet\u0151 t\u0151k\u00e9j\u00e9nek h\u00e1nyszoros\u00e1val tudnak kereskedni. P\u00e9ld\u00e1ul 1:100 t\u0151ke\u00e1tt\u00e9teli mutat\u00f3 eset\u00e9n a befektet\u0151 $100 000 \u00e9rt\u00e9k\u0171 poz\u00edci\u00f3t nyithat mind\u00f6ssze $1000 t\u0151k\u00e9vel. A magas t\u0151ke\u00e1tt\u00e9teli mutat\u00f3 azonban magas profitlehet\u0151s\u00e9get k\u00edn\u00e1l, ugyanakkor n\u00f6veli a vesztes\u00e9g kock\u00e1zat\u00e1t is.<\/p>\n<p>Ha a let\u00e9t szintje a piaci \u00e9rt\u00e9k v\u00e1ltoz\u00e1sa miatt alacsony szintre esik, a befektet\u0151t tov\u00e1bbi let\u00e9t elhelyez\u00e9s\u00e9re k\u00e9rhetik. Ezt a helyzetet \u201eMargin Call\u201d-nak nevezik, \u00e9s azt jelzi, hogy a befektet\u0151nek tov\u00e1bbi t\u0151k\u00e9t kell let\u00e9tbe helyeznie poz\u00edci\u00f3i megtart\u00e1s\u00e1hoz. Ha a befektet\u0151 nem helyezi let\u00e9tbe a sz\u00fcks\u00e9ges let\u00e9tet, poz\u00edci\u00f3i automatikusan lez\u00e1rhat\u00f3k.<\/p>\n<p>A fedezetsz\u00e1m\u00edt\u00e1s a p\u00e9nzpiaci keresked\u00e9s alapvet\u0151 r\u00e9sze, \u00e9s jelent\u0151s szerepet j\u00e1tszik a befektet\u0151k kock\u00e1zatkezel\u00e9si strat\u00e9gi\u00e1j\u00e1ban. A fedezeti k\u00f6vetelm\u00e9nyek \u00e9s a t\u0151ke\u00e1tt\u00e9teli mutat\u00f3k gondos \u00e9rt\u00e9kel\u00e9s\u00e9vel a befektet\u0151k v\u00e9delmet ny\u00fajt\u00f3 befektet\u00e9si strat\u00e9gi\u00e1t dolgozhatnak ki a piaci ingadoz\u00e1sokkal szemben. Ez kritikus fontoss\u00e1g\u00fa a potenci\u00e1lis nyeres\u00e9g maximaliz\u00e1l\u00e1sa \u00e9s a potenci\u00e1lis vesztes\u00e9gek minimaliz\u00e1l\u00e1sa szempontj\u00e1b\u00f3l.<\/p>\n<\/div><\/div><\/div><\/div><\/div>","protected":false},"excerpt":{"rendered":"","protected":false},"author":1,"featured_media":4157,"parent":0,"menu_order":0,"comment_status":"closed","ping_status":"closed","template":"100-width.php","meta":{"footnotes":""},"class_list":["post-5272","page","type-page","status-publish","has-post-thumbnail","hentry"],"_links":{"self":[{"href":"https:\/\/bextoncapital.com\/hu\/wp-json\/wp\/v2\/pages\/5272","targetHints":{"allow":["GET"]}}],"collection":[{"href":"https:\/\/bextoncapital.com\/hu\/wp-json\/wp\/v2\/pages"}],"about":[{"href":"https:\/\/bextoncapital.com\/hu\/wp-json\/wp\/v2\/types\/page"}],"author":[{"embeddable":true,"href":"https:\/\/bextoncapital.com\/hu\/wp-json\/wp\/v2\/users\/1"}],"replies":[{"embeddable":true,"href":"https:\/\/bextoncapital.com\/hu\/wp-json\/wp\/v2\/comments?post=5272"}],"version-history":[{"count":3,"href":"https:\/\/bextoncapital.com\/hu\/wp-json\/wp\/v2\/pages\/5272\/revisions"}],"predecessor-version":[{"id":5289,"href":"https:\/\/bextoncapital.com\/hu\/wp-json\/wp\/v2\/pages\/5272\/revisions\/5289"}],"wp:featuredmedia":[{"embeddable":true,"href":"https:\/\/bextoncapital.com\/hu\/wp-json\/wp\/v2\/media\/4157"}],"wp:attachment":[{"href":"https:\/\/bextoncapital.com\/hu\/wp-json\/wp\/v2\/media?parent=5272"}],"curies":[{"name":"wp","href":"https:\/\/api.w.org\/{rel}","templated":true}]}}