{"id":5240,"date":"2023-06-09T12:22:07","date_gmt":"2023-06-09T11:22:07","guid":{"rendered":"https:\/\/bextoncapital.com\/?page_id=5240"},"modified":"2024-02-28T14:04:10","modified_gmt":"2024-02-28T14:04:10","slug":"economic-calander","status":"publish","type":"page","link":"https:\/\/bextoncapital.com\/hu\/economic-calander\/","title":{"rendered":"Gazdas\u00e1gi Calander"},"content":{"rendered":"<div class=\"fusion-fullwidth fullwidth-box fusion-builder-row-1 fusion-flex-container has-pattern-background has-mask-background nonhundred-percent-fullwidth non-hundred-percent-height-scrolling\" style=\"--awb-border-radius-top-left:0px;--awb-border-radius-top-right:0px;--awb-border-radius-bottom-right:0px;--awb-border-radius-bottom-left:0px;--awb-padding-right:0px;\" ><div class=\"fusion-builder-row fusion-row fusion-flex-align-items-flex-start\" style=\"max-width:1216.8px;margin-left: calc(-4% \/ 2 );margin-right: calc(-4% \/ 2 );\"><div class=\"fusion-layout-column fusion_builder_column fusion-builder-column-0 fusion_builder_column_1_1 1_1 fusion-flex-column\" style=\"--awb-bg-size:cover;--awb-width-large:100%;--awb-margin-top-large:0px;--awb-spacing-right-large:1.92%;--awb-margin-bottom-large:20px;--awb-spacing-left-large:1.92%;--awb-width-medium:100%;--awb-order-medium:0;--awb-spacing-right-medium:1.92%;--awb-spacing-left-medium:1.92%;--awb-width-small:100%;--awb-order-small:0;--awb-spacing-right-small:1.92%;--awb-spacing-left-small:1.92%;\"><div class=\"fusion-column-wrapper fusion-column-has-shadow fusion-flex-justify-content-flex-start fusion-content-layout-column\"><div class=\"fusion-text fusion-text-1\"><p>A gazdas\u00e1gi napt\u00e1r l\u00e9tfontoss\u00e1g\u00fa eszk\u00f6z a befektet\u0151k \u00e9s keresked\u0151k sz\u00e1m\u00e1ra a p\u00e9nz\u00fcgyi vil\u00e1gban, struktur\u00e1lt \u00fctemez\u00e9st k\u00edn\u00e1lva a legfontosabb gazdas\u00e1gi esem\u00e9nyekr\u0151l \u00e9s mutat\u00f3kr\u00f3l, amelyek fontosak a piaci trendek \u00e9s befektet\u00e9si strat\u00e9gi\u00e1k alak\u00edt\u00e1s\u00e1ban. Inform\u00e1ci\u00f3k sz\u00e9les sk\u00e1l\u00e1j\u00e1t \u00f6leli fel, bele\u00e9rtve a k\u00f6zponti banki d\u00f6nt\u00e9seket, gazdas\u00e1gi statisztik\u00e1kat \u00e9s korm\u00e1nyzati jelent\u00e9seket a vil\u00e1g minden t\u00e1j\u00e1r\u00f3l, betekint\u00e9st ny\u00fajtva a gazdas\u00e1gi helyzetbe, a politikai v\u00e1ltoz\u00e1sokba \u00e9s a lehets\u00e9ges piaci mozg\u00e1sokba. Ha l\u00e9p\u00e9st tartanak ezekkel az esem\u00e9nyekkel, a piaci szerepl\u0151k megalapozottabb d\u00f6nt\u00e9seket hozhatnak, el\u0151re l\u00e1thatj\u00e1k a piaci volatilit\u00e1st, \u00e9s hat\u00e9konyabban alak\u00edthatj\u00e1k ki keresked\u00e9seiket. Legyen sz\u00f3 a devizapiaci devizamozg\u00e1sok el\u0151rejelz\u00e9s\u00e9r\u0151l, a t\u0151zsdei ingadoz\u00e1sok el\u0151rejelz\u00e9s\u00e9r\u0151l vagy az \u00e1rupiaci trendek felm\u00e9r\u00e9s\u00e9r\u0151l, a gazdas\u00e1gi napt\u00e1r \u00e1tfog\u00f3 \u00fatmutat\u00f3k\u00e9nt szolg\u00e1l a p\u00e9nz\u00fcgyi piacok \u00f6sszetett \u00e9s dinamikus t\u00e1j\u00e1n val\u00f3 eligazod\u00e1shoz.<\/p>\n<\/div><div id=\"economicCalendarWidget\"><\/div>\n<script async type=\"text\/javascript\" data-type=\"calendar-widget\" src=\"https:\/\/www.tradays.com\/c\/js\/widgets\/calendar\/widget.js?v=12\">\n  {\"width\":\"100%\",\"height\":\"600px\",\"mode\":\"2\"}\n<\/script><\/div><\/div><\/div><\/div>","protected":false},"excerpt":{"rendered":"","protected":false},"author":1,"featured_media":5290,"parent":0,"menu_order":0,"comment_status":"closed","ping_status":"closed","template":"","meta":{"footnotes":""},"class_list":["post-5240","page","type-page","status-publish","has-post-thumbnail","hentry"],"_links":{"self":[{"href":"https:\/\/bextoncapital.com\/hu\/wp-json\/wp\/v2\/pages\/5240","targetHints":{"allow":["GET"]}}],"collection":[{"href":"https:\/\/bextoncapital.com\/hu\/wp-json\/wp\/v2\/pages"}],"about":[{"href":"https:\/\/bextoncapital.com\/hu\/wp-json\/wp\/v2\/types\/page"}],"author":[{"embeddable":true,"href":"https:\/\/bextoncapital.com\/hu\/wp-json\/wp\/v2\/users\/1"}],"replies":[{"embeddable":true,"href":"https:\/\/bextoncapital.com\/hu\/wp-json\/wp\/v2\/comments?post=5240"}],"version-history":[{"count":9,"href":"https:\/\/bextoncapital.com\/hu\/wp-json\/wp\/v2\/pages\/5240\/revisions"}],"predecessor-version":[{"id":5291,"href":"https:\/\/bextoncapital.com\/hu\/wp-json\/wp\/v2\/pages\/5240\/revisions\/5291"}],"wp:featuredmedia":[{"embeddable":true,"href":"https:\/\/bextoncapital.com\/hu\/wp-json\/wp\/v2\/media\/5290"}],"wp:attachment":[{"href":"https:\/\/bextoncapital.com\/hu\/wp-json\/wp\/v2\/media?parent=5240"}],"curies":[{"name":"wp","href":"https:\/\/api.w.org\/{rel}","templated":true}]}}