{"id":5240,"date":"2023-06-09T12:22:07","date_gmt":"2023-06-09T11:22:07","guid":{"rendered":"https:\/\/bextoncapital.com\/?page_id=5240"},"modified":"2024-02-28T14:04:10","modified_gmt":"2024-02-28T14:04:10","slug":"economic-calander","status":"publish","type":"page","link":"https:\/\/bextoncapital.com\/fr\/economic-calander\/","title":{"rendered":"Calendrier \u00e9conomique"},"content":{"rendered":"<div class=\"fusion-fullwidth fullwidth-box fusion-builder-row-1 fusion-flex-container has-pattern-background has-mask-background nonhundred-percent-fullwidth non-hundred-percent-height-scrolling\" style=\"--awb-border-radius-top-left:0px;--awb-border-radius-top-right:0px;--awb-border-radius-bottom-right:0px;--awb-border-radius-bottom-left:0px;--awb-padding-right:0px;\" ><div class=\"fusion-builder-row fusion-row fusion-flex-align-items-flex-start\" style=\"max-width:1216.8px;margin-left: calc(-4% \/ 2 );margin-right: calc(-4% \/ 2 );\"><div class=\"fusion-layout-column fusion_builder_column fusion-builder-column-0 fusion_builder_column_1_1 1_1 fusion-flex-column\" style=\"--awb-bg-size:cover;--awb-width-large:100%;--awb-margin-top-large:0px;--awb-spacing-right-large:1.92%;--awb-margin-bottom-large:20px;--awb-spacing-left-large:1.92%;--awb-width-medium:100%;--awb-order-medium:0;--awb-spacing-right-medium:1.92%;--awb-spacing-left-medium:1.92%;--awb-width-small:100%;--awb-order-small:0;--awb-spacing-right-small:1.92%;--awb-spacing-left-small:1.92%;\"><div class=\"fusion-column-wrapper fusion-column-has-shadow fusion-flex-justify-content-flex-start fusion-content-layout-column\"><div class=\"fusion-text fusion-text-1\"><p>Le calendrier \u00e9conomique est un outil essentiel pour les investisseurs et les traders du monde financier, offrant un calendrier structur\u00e9 des \u00e9v\u00e9nements et indicateurs \u00e9conomiques cl\u00e9s qui contribuent \u00e0 fa\u00e7onner les tendances du march\u00e9 et les strat\u00e9gies d&#039;investissement. Il englobe un large \u00e9ventail d&#039;informations, notamment les d\u00e9cisions des banques centrales, les statistiques \u00e9conomiques et les rapports gouvernementaux du monde entier, fournissant un aper\u00e7u de la sant\u00e9 \u00e9conomique, des changements de politique et des mouvements potentiels du march\u00e9. En se tenant au courant de ces \u00e9v\u00e9nements, les acteurs du march\u00e9 peuvent prendre des d\u00e9cisions plus \u00e9clair\u00e9es, anticiper la volatilit\u00e9 du march\u00e9 et \u00e9laborer des strat\u00e9gies plus efficaces pour leurs transactions. Qu&#039;il s&#039;agisse de pr\u00e9voir les mouvements des devises sur le march\u00e9 des changes, d&#039;anticiper les fluctuations du march\u00e9 boursier ou d&#039;\u00e9valuer les tendances des mati\u00e8res premi\u00e8res, le calendrier \u00e9conomique constitue un guide complet pour naviguer dans le paysage complexe et dynamique des march\u00e9s financiers.<\/p>\n<\/div><div id=\"economicCalendarWidget\"><\/div>\n<script async type=\"text\/javascript\" data-type=\"calendar-widget\" src=\"https:\/\/www.tradays.com\/c\/js\/widgets\/calendar\/widget.js?v=12\">\n  {\"width\":\"100%\",\"height\":\"600px\",\"mode\":\"2\"}\n<\/script><\/div><\/div><\/div><\/div>","protected":false},"excerpt":{"rendered":"","protected":false},"author":1,"featured_media":5290,"parent":0,"menu_order":0,"comment_status":"closed","ping_status":"closed","template":"","meta":{"footnotes":""},"class_list":["post-5240","page","type-page","status-publish","has-post-thumbnail","hentry"],"_links":{"self":[{"href":"https:\/\/bextoncapital.com\/fr\/wp-json\/wp\/v2\/pages\/5240","targetHints":{"allow":["GET"]}}],"collection":[{"href":"https:\/\/bextoncapital.com\/fr\/wp-json\/wp\/v2\/pages"}],"about":[{"href":"https:\/\/bextoncapital.com\/fr\/wp-json\/wp\/v2\/types\/page"}],"author":[{"embeddable":true,"href":"https:\/\/bextoncapital.com\/fr\/wp-json\/wp\/v2\/users\/1"}],"replies":[{"embeddable":true,"href":"https:\/\/bextoncapital.com\/fr\/wp-json\/wp\/v2\/comments?post=5240"}],"version-history":[{"count":9,"href":"https:\/\/bextoncapital.com\/fr\/wp-json\/wp\/v2\/pages\/5240\/revisions"}],"predecessor-version":[{"id":5291,"href":"https:\/\/bextoncapital.com\/fr\/wp-json\/wp\/v2\/pages\/5240\/revisions\/5291"}],"wp:featuredmedia":[{"embeddable":true,"href":"https:\/\/bextoncapital.com\/fr\/wp-json\/wp\/v2\/media\/5290"}],"wp:attachment":[{"href":"https:\/\/bextoncapital.com\/fr\/wp-json\/wp\/v2\/media?parent=5240"}],"curies":[{"name":"wp","href":"https:\/\/api.w.org\/{rel}","templated":true}]}}