{"id":4106,"date":"2021-11-16T16:14:47","date_gmt":"2021-11-16T16:14:47","guid":{"rendered":"https:\/\/bextoncapital.com\/?page_id=4106"},"modified":"2023-06-09T11:00:24","modified_gmt":"2023-06-09T10:00:24","slug":"corporate-faq","status":"publish","type":"page","link":"https:\/\/bextoncapital.com\/fr\/corporate-faq\/","title":{"rendered":"FAQ"},"content":{"rendered":"<div class=\"fusion-fullwidth fullwidth-box fusion-builder-row-1 fusion-flex-container nonhundred-percent-fullwidth non-hundred-percent-height-scrolling fusion-animated\" style=\"--awb-border-sizes-top:0px;--awb-border-sizes-bottom:0px;--awb-border-sizes-left:0px;--awb-border-sizes-right:0px;--awb-border-radius-top-left:0px;--awb-border-radius-top-right:0px;--awb-border-radius-bottom-right:0px;--awb-border-radius-bottom-left:0px;--awb-margin-bottom:120px;--awb-margin-bottom-medium:80px;--awb-margin-bottom-small:60px;\" data-animationtype=\"fadeInUp\" data-animationduration=\"1.3\" data-animationoffset=\"top-into-view\" ><div class=\"fusion-builder-row fusion-row fusion-flex-align-items-center\" style=\"max-width:1216.8px;margin-left: calc(-4% \/ 2 );margin-right: calc(-4% \/ 2 );\"><div class=\"fusion-layout-column fusion_builder_column fusion-builder-column-0 fusion_builder_column_1_1 1_1 fusion-flex-column\" style=\"--awb-bg-size:cover;--awb-width-large:100%;--awb-margin-top-large:0px;--awb-spacing-right-large:1.92%;--awb-margin-bottom-large:0px;--awb-spacing-left-large:1.92%;--awb-width-medium:100%;--awb-order-medium:0;--awb-spacing-right-medium:1.92%;--awb-spacing-left-medium:1.92%;--awb-width-small:100%;--awb-order-small:0;--awb-spacing-right-small:1.92%;--awb-spacing-left-small:1.92%;\"><div class=\"fusion-column-wrapper fusion-column-has-shadow fusion-flex-justify-content-flex-start fusion-content-layout-column\"><style type=\"text\/css\">#accordian-1 .fusion-panel:hover,#accordian-1 .fusion-panel.hover{ background-color: #f9f9f9 } #accordian-1 .fusion-panel { border-color:var(--awb-color4); border-width:0px; background-color:hsla(var(--awb-color4-h),var(--awb-color4-s),var(--awb-color4-l),calc( var(--awb-color4-a) - 90% )); }.fusion-accordian #accordian-1 .panel-title a .fa-fusion-box:before{ font-size: 13px;width: 13px;}.fusion-accordian #accordian-1 .panel-title a .fa-fusion-box{ color: var(--awb-color1);}.fusion-accordian #accordian-1.fusion-toggle-icon-right .fusion-toggle-heading{ margin-right: 31px;}.fusion-accordian  #accordian-1 .panel-title a{font-size:20px;font-family:var(--awb-typography1-font-family);font-weight:var(--awb-typography1-font-weight);font-style:var(--awb-typography1-font-style);}.fusion-accordian  #accordian-1 .panel-title a:not(:hover){}.fusion-accordian  #accordian-1 .toggle-content{font-family:var(--awb-typography4-font-family);font-weight:var(--awb-typography4-font-weight);font-style:var(--awb-typography4-font-style);}.fusion-accordian #accordian-1 .fa-fusion-box { background-color: var(--awb-color4);border-color: var(--awb-color4);}.fusion-accordian #accordian-1 .panel-title a:hover,.fusion-accordian #accordian-1 .panel-title a.hover { color: hsla(var(--awb-color8-h),var(--awb-color8-s),calc( var(--awb-color8-l) + 38% ),var(--awb-color8-a));}.fusion-faq-shortcode .fusion-accordian #accordian-1 .fusion-toggle-boxed-mode:hover .panel-title a { color: hsla(var(--awb-color8-h),var(--awb-color8-s),calc( var(--awb-color8-l) + 38% ),var(--awb-color8-a));}.fusion-accordian #accordian-1 .panel-title .active .fa-fusion-box,.fusion-accordian #accordian-1 .panel-title a:hover .fa-fusion-box,.fusion-accordian #accordian-1 .panel-title a.hover .fa-fusion-box { background-color: hsla(var(--awb-color8-h),var(--awb-color8-s),calc( var(--awb-color8-l) + 38% ),var(--awb-color8-a))!important;border-color: hsla(var(--awb-color8-h),var(--awb-color8-s),calc( var(--awb-color8-l) + 38% ),var(--awb-color8-a))!important;}<\/style><div class=\"fusion-faq-shortcode\" style=\"\"><div class=\"fusion-faqs-wrapper\"><div class=\"accordian fusion-accordian\"><div class=\"panel-group  fusion-toggle-icon-right\" id=\"accordian-1\"><div class=\"fusion-panel fusion-toggle-no-divider fusion-toggle-boxed-mode panel-default fusion-faq-post fusion-faq-post-5229\"><span class=\"entry-title rich-snippet-hidden\">Comment ouvrir un compte de trading ?<\/span><span class=\"vcard rich-snippet-hidden\"><span class=\"fn\"><a href=\"https:\/\/bextoncapital.com\/fr\/author\/admin\/\" title=\"Articles par admin\" rel=\"author\">administrateur<\/a><\/span><\/span><span class=\"updated rich-snippet-hidden\">2023-06-09T10:59:53+01:00<\/span><div class=\"panel-heading\"><h4 id=\"faq_1-5229\" class=\"panel-title toggle\"><a data-toggle=\"collapse\" class=\"collapsed\" data-parent=\"#accordian-1\" data-target=\"#collapse-1-5229\" href=\"#collapse-1-5229\" aria-expanded=\"false\"><div class=\"fusion-toggle-icon-wrapper\"><div class=\"fusion-toggle-icon-wrapper-main\"><div class=\"fusion-toggle-icon-wrapper-sub\"><i class=\"fa-fusion-box active-icon awb-icon-minus\" aria-hidden=\"true\"><\/i><i class=\"fa-fusion-box inactive-icon awb-icon-plus\" aria-hidden=\"true\"><\/i><\/div><\/div><\/div><div class=\"fusion-toggle-heading\">Comment ouvrir un compte de trading ?<\/div><\/a><\/h4><\/div><div id=\"collapse-1-5229\" aria-labelledby=\"faq_1-5229\" class=\"panel-collapse collapse\"><div class=\"panel-body toggle-content post-content\"><p>Votre premier compte de trading sera ouvert automatiquement lorsque vous enverrez le formulaire depuis notre page de contact.<\/p>\n<\/div><\/div><\/div><div class=\"fusion-panel fusion-toggle-no-divider fusion-toggle-boxed-mode panel-default fusion-faq-post fusion-faq-post-5227\"><span class=\"entry-title rich-snippet-hidden\">Quel est le d\u00e9p\u00f4t minimum ?<\/span><span class=\"vcard rich-snippet-hidden\"><span class=\"fn\"><a href=\"https:\/\/bextoncapital.com\/fr\/author\/admin\/\" title=\"Articles par admin\" rel=\"author\">administrateur<\/a><\/span><\/span><span class=\"updated rich-snippet-hidden\">2023-06-09T10:57:53+01:00<\/span><div class=\"panel-heading\"><h4 id=\"faq_1-5227\" class=\"panel-title toggle\"><a data-toggle=\"collapse\" class=\"collapsed\" data-parent=\"#accordian-1\" data-target=\"#collapse-1-5227\" href=\"#collapse-1-5227\" aria-expanded=\"false\"><div class=\"fusion-toggle-icon-wrapper\"><div class=\"fusion-toggle-icon-wrapper-main\"><div class=\"fusion-toggle-icon-wrapper-sub\"><i class=\"fa-fusion-box active-icon awb-icon-minus\" aria-hidden=\"true\"><\/i><i class=\"fa-fusion-box inactive-icon awb-icon-plus\" aria-hidden=\"true\"><\/i><\/div><\/div><\/div><div class=\"fusion-toggle-heading\">Quel est le d\u00e9p\u00f4t minimum ?<\/div><\/a><\/h4><\/div><div id=\"collapse-1-5227\" aria-labelledby=\"faq_1-5227\" class=\"panel-collapse collapse\"><div class=\"panel-body toggle-content post-content\"><p>Le d\u00e9p\u00f4t minimum d\u00e9pend du type de compte, mais g\u00e9n\u00e9ralement $100.<\/p>\n<\/div><\/div><\/div><div class=\"fusion-panel fusion-toggle-no-divider fusion-toggle-boxed-mode panel-default fusion-faq-post fusion-faq-post-5225 faq\"><span class=\"entry-title rich-snippet-hidden\">Est-il possible de changer la devise de base ou le type de mon compte ?<\/span><span class=\"vcard rich-snippet-hidden\"><span class=\"fn\"><a href=\"https:\/\/bextoncapital.com\/fr\/author\/admin\/\" title=\"Articles par admin\" rel=\"author\">administrateur<\/a><\/span><\/span><span class=\"updated rich-snippet-hidden\">2023-06-09T10:57:16+01:00<\/span><div class=\"panel-heading\"><h4 id=\"faq_1-5225\" class=\"panel-title toggle\"><a data-toggle=\"collapse\" class=\"collapsed\" data-parent=\"#accordian-1\" data-target=\"#collapse-1-5225\" href=\"#collapse-1-5225\" aria-expanded=\"false\"><div class=\"fusion-toggle-icon-wrapper\"><div class=\"fusion-toggle-icon-wrapper-main\"><div class=\"fusion-toggle-icon-wrapper-sub\"><i class=\"fa-fusion-box active-icon awb-icon-minus\" aria-hidden=\"true\"><\/i><i class=\"fa-fusion-box inactive-icon awb-icon-plus\" aria-hidden=\"true\"><\/i><\/div><\/div><\/div><div class=\"fusion-toggle-heading\">Est-il possible de changer la devise de base ou le type de mon compte ?<\/div><\/a><\/h4><\/div><div id=\"collapse-1-5225\" aria-labelledby=\"faq_1-5225\" class=\"panel-collapse collapse\"><div class=\"panel-body toggle-content post-content\"><p>Non ce n&#039;est pas. Pour modifier le type ou la devise de base du compte, vous devez ouvrir un nouveau compte avec les param\u00e8tres requis.<\/p>\n<\/div><\/div><\/div><div class=\"fusion-panel fusion-toggle-no-divider fusion-toggle-boxed-mode panel-default fusion-faq-post fusion-faq-post-5223\"><span class=\"entry-title rich-snippet-hidden\">Comment est calcul\u00e9e la marge ?<\/span><span class=\"vcard rich-snippet-hidden\"><span class=\"fn\"><a href=\"https:\/\/bextoncapital.com\/fr\/author\/admin\/\" title=\"Articles par admin\" rel=\"author\">administrateur<\/a><\/span><\/span><span class=\"updated rich-snippet-hidden\">2023-06-09T10:56:51+01:00<\/span><div class=\"panel-heading\"><h4 id=\"faq_1-5223\" class=\"panel-title toggle\"><a data-toggle=\"collapse\" class=\"collapsed\" data-parent=\"#accordian-1\" data-target=\"#collapse-1-5223\" href=\"#collapse-1-5223\" aria-expanded=\"false\"><div class=\"fusion-toggle-icon-wrapper\"><div class=\"fusion-toggle-icon-wrapper-main\"><div class=\"fusion-toggle-icon-wrapper-sub\"><i class=\"fa-fusion-box active-icon awb-icon-minus\" aria-hidden=\"true\"><\/i><i class=\"fa-fusion-box inactive-icon awb-icon-plus\" aria-hidden=\"true\"><\/i><\/div><\/div><\/div><div class=\"fusion-toggle-heading\">Comment est calcul\u00e9e la marge ?<\/div><\/a><\/h4><\/div><div id=\"collapse-1-5223\" aria-labelledby=\"faq_1-5223\" class=\"panel-collapse collapse\"><div class=\"panel-body toggle-content post-content\"><p><strong>Exemple:<\/strong><\/p>\n<p>Vous achetez 1 lot d\u2019EURUSD.<br \/>\nDevise du compte : EUR.<br \/>\nEffet de levier : 1:100.<\/p>\n<p>= 100 000 \/ 100 = 1 000 EUR<\/p>\n<p>Si la devise de votre compte diff\u00e8re de la devise de base de l&#039;instrument, vous devez convertir le montant de la marge dans la devise du compte au taux lors de l&#039;ouverture de votre position.<\/p>\n<p><strong>Exemple:<\/strong><\/p>\n<p>Vous achetez 1 lot d\u2019EURUSD.<br \/>\nDevise du compte : USD.<br \/>\nMarge dans la devise de base de l&#039;actif : 1.000 EUR.<br \/>\nTaux EURUSD actuel\u00a0: 1,2345.<\/p>\n<p>= 1 000 * 1,2345 = 1 234,50 USD<\/p>\n<\/div><\/div><\/div><div class=\"fusion-panel fusion-toggle-no-divider fusion-toggle-boxed-mode panel-default fusion-faq-post fusion-faq-post-5221 faq\"><span class=\"entry-title rich-snippet-hidden\">Pourquoi ai-je besoin d&#039;un compte d\u00e9mo\u00a0?<\/span><span class=\"vcard rich-snippet-hidden\"><span class=\"fn\"><a href=\"https:\/\/bextoncapital.com\/fr\/author\/admin\/\" title=\"Articles par admin\" rel=\"author\">administrateur<\/a><\/span><\/span><span class=\"updated rich-snippet-hidden\">2023-06-09T10:56:09+01:00<\/span><div class=\"panel-heading\"><h4 id=\"faq_1-5221\" class=\"panel-title toggle\"><a data-toggle=\"collapse\" class=\"collapsed\" data-parent=\"#accordian-1\" data-target=\"#collapse-1-5221\" href=\"#collapse-1-5221\" aria-expanded=\"false\"><div class=\"fusion-toggle-icon-wrapper\"><div class=\"fusion-toggle-icon-wrapper-main\"><div class=\"fusion-toggle-icon-wrapper-sub\"><i class=\"fa-fusion-box active-icon awb-icon-minus\" aria-hidden=\"true\"><\/i><i class=\"fa-fusion-box inactive-icon awb-icon-plus\" aria-hidden=\"true\"><\/i><\/div><\/div><\/div><div class=\"fusion-toggle-heading\">Pourquoi ai-je besoin d&#039;un compte d\u00e9mo\u00a0?<\/div><\/a><\/h4><\/div><div id=\"collapse-1-5221\" aria-labelledby=\"faq_1-5221\" class=\"panel-collapse collapse\"><div class=\"panel-body toggle-content post-content\"><p>Les comptes d\u00e9mo sont g\u00e9n\u00e9ralement utilis\u00e9s dans trois cas\u00a0:<\/p>\n<ol>\n<li>Si vous \u00eates d\u00e9butant et souhaitez apprendre les bases du trading sur les march\u00e9s financiers sans risquer de perdre votre propre argent.<\/li>\n<li>Lorsque vous souhaitez tester les conditions fournies par la soci\u00e9t\u00e9 de bourse avant d&#039;ouvrir un compte r\u00e9el.<\/li>\n<li>En cas de test de votre nouvelle strat\u00e9gie de trading.<\/li>\n<\/ol>\n<\/div><\/div><\/div><div class=\"fusion-panel fusion-toggle-no-divider fusion-toggle-boxed-mode panel-default fusion-faq-post fusion-faq-post-5219 faq\"><span class=\"entry-title rich-snippet-hidden\">Pourquoi le message \u00ab Pas assez d\u2019argent \u00bb appara\u00eet-il lorsque j\u2019essaie d\u2019ouvrir une position ?<\/span><span class=\"vcard rich-snippet-hidden\"><span class=\"fn\"><a href=\"https:\/\/bextoncapital.com\/fr\/author\/admin\/\" title=\"Articles par admin\" rel=\"author\">administrateur<\/a><\/span><\/span><span class=\"updated rich-snippet-hidden\">2023-06-09T10:55:27+01:00<\/span><div class=\"panel-heading\"><h4 id=\"faq_1-5219\" class=\"panel-title toggle\"><a data-toggle=\"collapse\" class=\"collapsed\" data-parent=\"#accordian-1\" data-target=\"#collapse-1-5219\" href=\"#collapse-1-5219\" aria-expanded=\"false\"><div class=\"fusion-toggle-icon-wrapper\"><div class=\"fusion-toggle-icon-wrapper-main\"><div class=\"fusion-toggle-icon-wrapper-sub\"><i class=\"fa-fusion-box active-icon awb-icon-minus\" aria-hidden=\"true\"><\/i><i class=\"fa-fusion-box inactive-icon awb-icon-plus\" aria-hidden=\"true\"><\/i><\/div><\/div><\/div><div class=\"fusion-toggle-heading\">Pourquoi le message \u00ab Pas assez d\u2019argent \u00bb appara\u00eet-il lorsque j\u2019essaie d\u2019ouvrir une position ?<\/div><\/a><\/h4><\/div><div id=\"collapse-1-5219\" aria-labelledby=\"faq_1-5219\" class=\"panel-collapse collapse\"><div class=\"panel-body toggle-content post-content\"><p>\u00ab Pas assez d&#039;argent \u00bb signifie qu&#039;il n&#039;y a pas assez de marge sur votre compte pour ouvrir une position du volume souhait\u00e9.<\/p>\n<\/div><\/div><\/div><\/div><\/div><\/div><\/div><\/div><\/div><\/div><\/div>","protected":false},"excerpt":{"rendered":"","protected":false},"author":1,"featured_media":4108,"parent":0,"menu_order":0,"comment_status":"closed","ping_status":"closed","template":"100-width.php","meta":{"footnotes":""},"class_list":["post-4106","page","type-page","status-publish","has-post-thumbnail","hentry"],"_links":{"self":[{"href":"https:\/\/bextoncapital.com\/fr\/wp-json\/wp\/v2\/pages\/4106","targetHints":{"allow":["GET"]}}],"collection":[{"href":"https:\/\/bextoncapital.com\/fr\/wp-json\/wp\/v2\/pages"}],"about":[{"href":"https:\/\/bextoncapital.com\/fr\/wp-json\/wp\/v2\/types\/page"}],"author":[{"embeddable":true,"href":"https:\/\/bextoncapital.com\/fr\/wp-json\/wp\/v2\/users\/1"}],"replies":[{"embeddable":true,"href":"https:\/\/bextoncapital.com\/fr\/wp-json\/wp\/v2\/comments?post=4106"}],"version-history":[{"count":2,"href":"https:\/\/bextoncapital.com\/fr\/wp-json\/wp\/v2\/pages\/4106\/revisions"}],"predecessor-version":[{"id":5231,"href":"https:\/\/bextoncapital.com\/fr\/wp-json\/wp\/v2\/pages\/4106\/revisions\/5231"}],"wp:featuredmedia":[{"embeddable":true,"href":"https:\/\/bextoncapital.com\/fr\/wp-json\/wp\/v2\/media\/4108"}],"wp:attachment":[{"href":"https:\/\/bextoncapital.com\/fr\/wp-json\/wp\/v2\/media?parent=4106"}],"curies":[{"name":"wp","href":"https:\/\/api.w.org\/{rel}","templated":true}]}}