{"id":5272,"date":"2024-02-26T11:12:53","date_gmt":"2024-02-26T11:12:53","guid":{"rendered":"https:\/\/bextoncapital.com\/?page_id=5272"},"modified":"2024-02-28T13:56:22","modified_gmt":"2024-02-28T13:56:22","slug":"marjin-calculator","status":"publish","type":"page","link":"https:\/\/bextoncapital.com\/da\/marjin-calculator\/","title":{"rendered":"Marjin lommeregner"},"content":{"rendered":"<div class=\"fusion-fullwidth fullwidth-box fusion-builder-row-1 fusion-flex-container nonhundred-percent-fullwidth non-hundred-percent-height-scrolling fusion-animated\" style=\"--awb-background-position:left top;--awb-background-blend-mode:screen;--awb-border-sizes-top:0px;--awb-border-sizes-bottom:0px;--awb-border-sizes-left:0px;--awb-border-sizes-right:0px;--awb-border-color:var(--awb-color3);--awb-border-radius-top-left:0px;--awb-border-radius-top-right:0px;--awb-border-radius-bottom-right:0px;--awb-border-radius-bottom-left:0px;--awb-padding-top:100px;--awb-padding-right:0px;--awb-padding-bottom:100px;--awb-padding-left:0px;--awb-padding-top-medium:0px;--awb-padding-bottom-medium:0px;--awb-padding-top-small:0px;--awb-margin-top:-120px;--awb-margin-bottom:0px;--awb-margin-top-medium:-80px;--awb-margin-bottom-medium:80px;--awb-margin-top-small:-60px;--awb-margin-bottom-small:60px;--awb-background-color:hsla(var(--awb-color4-h),var(--awb-color4-s),var(--awb-color4-l),calc( var(--awb-color4-a) - 93% ));\" data-animationtype=\"fadeInUp\" data-animationduration=\"1.3\" data-animationoffset=\"top-into-view\" ><div class=\"fusion-builder-row fusion-row fusion-flex-align-items-stretch fusion-flex-justify-content-center\" style=\"max-width:calc( 1170px + 0px );margin-left: calc(-0px \/ 2 );margin-right: calc(-0px \/ 2 );\"><div class=\"fusion-layout-column fusion_builder_column fusion-builder-column-0 fusion_builder_column_1_1 1_1 fusion-flex-column\" style=\"--awb-bg-size:cover;--awb-width-large:100%;--awb-margin-top-large:0px;--awb-spacing-right-large:0;--awb-margin-bottom-large:20px;--awb-spacing-left-large:0;--awb-width-medium:100%;--awb-order-medium:0;--awb-spacing-right-medium:0;--awb-spacing-left-medium:0;--awb-width-small:100%;--awb-order-small:0;--awb-spacing-right-small:0;--awb-spacing-left-small:0;\"><div class=\"fusion-column-wrapper fusion-column-has-shadow fusion-flex-justify-content-flex-start fusion-content-layout-column\"><div class=\"fusion-title title fusion-title-1 fusion-title-center fusion-title-text fusion-title-size-two\" style=\"--awb-font-size:36px;\"><div class=\"title-sep-container title-sep-container-left\"><div class=\"title-sep sep- sep-solid\" style=\"border-color:var(--awb-color3);\"><\/div><\/div><span class=\"awb-title-spacer\"><\/span><h2 class=\"title-heading-center fusion-responsive-typography-calculated\" style=\"margin:0;font-size:1em;text-transform:capitalize;--fontSize:36;line-height:var(--awb-typography1-line-height);text-shadow:1px 1px 0px;\">Forst\u00e5 marginberegninger i finansiel handel: En guide til gearet handel og risikostyring<\/h2><span class=\"awb-title-spacer\"><\/span><div class=\"title-sep-container title-sep-container-right\"><div class=\"title-sep sep- sep-solid\" style=\"border-color:var(--awb-color3);\"><\/div><\/div><\/div><\/div><\/div><div class=\"fusion-layout-column fusion_builder_column fusion-builder-column-1 fusion-flex-column fusion-flex-align-self-center fusion-animated\" style=\"--awb-padding-top:1vw;--awb-padding-right:1vw;--awb-padding-bottom:1vw;--awb-padding-left:1vw;--awb-padding-top-small:0px;--awb-padding-right-small:90px;--awb-padding-bottom-small:0px;--awb-padding-left-small:90px;--awb-bg-color:var(--awb-color1);--awb-bg-color-hover:var(--awb-color1);--awb-bg-size:cover;--awb-width-large:41.57%;--awb-margin-top-large:0px;--awb-spacing-right-large:calc( 0.0048111618955978 * calc( 100% - 0 ) );--awb-margin-bottom-large:0px;--awb-spacing-left-large:0;--awb-width-medium:100%;--awb-order-medium:0;--awb-spacing-right-medium:0;--awb-spacing-left-medium:0;--awb-width-small:100%;--awb-order-small:1;--awb-spacing-right-small:0;--awb-spacing-left-small:0;\" data-animationtype=\"fadeInUp\" data-animationduration=\"1.3\" data-animationoffset=\"top-into-view\"><div class=\"fusion-column-wrapper fusion-column-has-shadow fusion-flex-justify-content-flex-start fusion-content-layout-column\"><div class=\"fusion-separator fusion-full-width-sep\" style=\"align-self: center;margin-left: auto;margin-right: auto;margin-bottom:40px;width:100%;\"><\/div><iframe class=\"lazyload\" frameborder=\"0\" scrolling=\"no\" height=\"425\" width=\"430\" allowtransparency=\"true\" marginwidth=\"0\" marginheight=\"0\" src=\"data:image\/svg+xml,%3Csvg%20xmlns%3D%27http%3A%2F%2Fwww.w3.org%2F2000%2Fsvg%27%20width%3D%27430%27%20height%3D%27425%27%20viewBox%3D%270%200%20430%20425%27%3E%3Crect%20width%3D%27430%27%20height%3D%27425%27%20fill-opacity%3D%220%22%2F%3E%3C%2Fsvg%3E\" data-orig-src=\"https:\/\/ssltools.investing.com\/margin-calculator\/index.php?force_lang=1&acc=12&pair=1\"><\/iframe><br \/><div style=\"width:450\"><a href=\"http:\/\/www.investing.com\" target=\"_blank\"><img class=\"lazyload\" decoding=\"async\" src=\"data:image\/gif;base64,R0lGODlhAQABAAAAACH5BAEKAAEALAAAAAABAAEAAAICTAEAOw==\" data-orig-src=\"https:\/\/wmt-invdn-com.investing.com\/forexpros_en_logo.png\" alt=\"Investing.com\" title=\"Investing.com\" style=\"float:left\" \/><\/a><span style=\"float:right\"><span style=\"font-size: 11px;color: #333333;text-decoration: none;\">Marginberegneren er drevet af <a href=\"https:\/\/www.investing.com\/\" rel=\"nofollow\" target=\"_blank\" style=\"font-size: 11px;color: #06529D; font-weight: bold;\" class=\"underline_link\">Investing.com<\/a><\/span><\/span><\/div><\/div><\/div><div class=\"fusion-layout-column fusion_builder_column fusion-builder-column-2 fusion-flex-column\" style=\"--awb-bg-size:cover;--awb-width-large:58%;--awb-margin-top-large:0px;--awb-spacing-right-large:0;--awb-margin-bottom-large:20px;--awb-spacing-left-large:0;--awb-width-medium:100%;--awb-order-medium:0;--awb-spacing-right-medium:0;--awb-spacing-left-medium:0;--awb-width-small:100%;--awb-order-small:0;--awb-spacing-right-small:0;--awb-spacing-left-small:0;\"><div class=\"fusion-column-wrapper fusion-column-has-shadow fusion-flex-justify-content-flex-start fusion-content-layout-column\"><div class=\"fusion-text fusion-text-1 fusion-text-no-margin\" style=\"--awb-margin-top:20px;--awb-margin-right:20px;--awb-margin-bottom:20px;--awb-margin-left:20px;\"><p>Marginberegning er et af de mest afg\u00f8rende begreber, man st\u00f8der p\u00e5, n\u00e5r man handler p\u00e5 finansielle markeder. Margin refererer til den mindste m\u00e6ngde kapital, som en investor skal have p\u00e5 sin konto for at holde \u00e5bne positioner. Dette giver mulighed for gearet handel p\u00e5 markederne, samtidig med at det hj\u00e6lper investorer med at styre den risiko, de er udsat for.<\/p>\n<p>Marginberegning best\u00e5r typisk af to hovedkomponenter: Initial Margin og Maintenance Margin. Initial Margin er den startkapital, der kr\u00e6ves for at \u00e5bne en position. Vedligeholdelsesmarginen er p\u00e5 den anden side den mindste m\u00e6ngde kapital, der kr\u00e6ves for at beskytte \u00e5bne positioner mod markedsv\u00e6rdiudsving.<\/p>\n<p>Ved beregning af margin er den anvendte gearingsgrad af stor betydning. Gearingsgraden angiver, hvor mange gange st\u00f8rre end investorens kapital de kan handle. For eksempel kan en investor med et gearingsforhold p\u00e5 1:100 \u00e5bne en position til en v\u00e6rdi af $100.000 med kun $1.000 i kapital. Men mens h\u00f8je gearingsforhold giver h\u00f8je profitmuligheder, \u00f8ger de ogs\u00e5 risikoen for tab.<\/p>\n<p>Hvis marginniveauet falder til et lavt niveau p\u00e5 grund af \u00e6ndringer i markedsv\u00e6rdi, kan investor blive bedt om at indbetale yderligere margin. Denne situation er kendt som et &quot;Margin Call&quot; og indikerer, at investoren skal indskyde yderligere kapital for at opretholde deres positioner. Hvis investoren ikke inds\u00e6tter den n\u00f8dvendige margin, kan deres positioner automatisk lukkes.<\/p>\n<p>Marginberegning er en grundl\u00e6ggende del af handel p\u00e5 finansielle markeder og spiller en v\u00e6sentlig rolle i investorernes risikostyringsstrategier. Ved omhyggeligt at evaluere marginkrav og gearingsforhold kan investorer udvikle en beskyttende investeringsstrategi mod markedsudsving. Dette er afg\u00f8rende b\u00e5de for at maksimere potentielle overskud og minimere potentielle tab.<\/p>\n<\/div><\/div><\/div><\/div><\/div>","protected":false},"excerpt":{"rendered":"","protected":false},"author":1,"featured_media":4157,"parent":0,"menu_order":0,"comment_status":"closed","ping_status":"closed","template":"100-width.php","meta":{"footnotes":""},"class_list":["post-5272","page","type-page","status-publish","has-post-thumbnail","hentry"],"_links":{"self":[{"href":"https:\/\/bextoncapital.com\/da\/wp-json\/wp\/v2\/pages\/5272","targetHints":{"allow":["GET"]}}],"collection":[{"href":"https:\/\/bextoncapital.com\/da\/wp-json\/wp\/v2\/pages"}],"about":[{"href":"https:\/\/bextoncapital.com\/da\/wp-json\/wp\/v2\/types\/page"}],"author":[{"embeddable":true,"href":"https:\/\/bextoncapital.com\/da\/wp-json\/wp\/v2\/users\/1"}],"replies":[{"embeddable":true,"href":"https:\/\/bextoncapital.com\/da\/wp-json\/wp\/v2\/comments?post=5272"}],"version-history":[{"count":3,"href":"https:\/\/bextoncapital.com\/da\/wp-json\/wp\/v2\/pages\/5272\/revisions"}],"predecessor-version":[{"id":5289,"href":"https:\/\/bextoncapital.com\/da\/wp-json\/wp\/v2\/pages\/5272\/revisions\/5289"}],"wp:featuredmedia":[{"embeddable":true,"href":"https:\/\/bextoncapital.com\/da\/wp-json\/wp\/v2\/media\/4157"}],"wp:attachment":[{"href":"https:\/\/bextoncapital.com\/da\/wp-json\/wp\/v2\/media?parent=5272"}],"curies":[{"name":"wp","href":"https:\/\/api.w.org\/{rel}","templated":true}]}}